{"id":272021,"date":"2020-10-08T09:58:55","date_gmt":"2020-10-08T09:58:55","guid":{"rendered":"https:\/\/infinitdev.com\/restaurant\/?page_id=272021"},"modified":"2021-12-01T15:59:38","modified_gmt":"2021-12-01T15:59:38","slug":"administration-of-accounts-receivable","status":"publish","type":"page","link":"https:\/\/afinstitution.com\/al\/administration-of-accounts-receivable\/","title":{"rendered":"Administrimi i Llogarive t\u00eb Ark\u00ebtueshme"},"content":{"rendered":"<p>[et_pb_section fb_built=&#8221;1&#8243; _builder_version=&#8221;4.6.5&#8243; _module_preset=&#8221;default&#8221; background_color=&#8221;#f1f1f1&#8243; custom_padding=&#8221;0px||0px||false|false&#8221; border_color_all=&#8221;#ffffff&#8221; border_width_right=&#8221;5px&#8221; border_width_left=&#8221;5px&#8221; locked=&#8221;off&#8221; global_colors_info=&#8221;{}&#8221;][et_pb_row _builder_version=&#8221;4.6.5&#8243; _module_preset=&#8221;default&#8221; width=&#8221;90%&#8221; max_width=&#8221;100%&#8221; custom_padding=&#8221;15px||15px||true|false&#8221; global_colors_info=&#8221;{}&#8221;][et_pb_column type=&#8221;4_4&#8243; _builder_version=&#8221;4.6.5&#8243; _module_preset=&#8221;default&#8221; global_colors_info=&#8221;{}&#8221;][lwp_divi_breadcrumbs link_color=&#8221;#0b4779&#8243; separator_color=&#8221;#00b1af&#8221; current_text_color=&#8221;#e47539&#8243; _builder_version=&#8221;4.6.5&#8243; _module_preset=&#8221;default&#8221; module_font=&#8221;Titillium Web||||||||&#8221; global_colors_info=&#8221;{}&#8221;][\/lwp_divi_breadcrumbs][\/et_pb_column][\/et_pb_row][\/et_pb_section][et_pb_section fb_built=&#8221;1&#8243; _builder_version=&#8221;4.6.5&#8243; _module_preset=&#8221;default&#8221; background_enable_color=&#8221;off&#8221; custom_padding=&#8221;0px||0px||false|false&#8221; top_divider_color=&#8221;#000000&#8243; locked=&#8221;off&#8221; global_colors_info=&#8221;{}&#8221;][et_pb_row _builder_version=&#8221;4.6.5&#8243; _module_preset=&#8221;default&#8221; width=&#8221;100%&#8221; max_width=&#8221;100%&#8221; custom_padding=&#8221;3px|3px|3px|3px|true|true&#8221; global_colors_info=&#8221;{}&#8221;][et_pb_column type=&#8221;4_4&#8243; _builder_version=&#8221;4.6.5&#8243; _module_preset=&#8221;default&#8221; global_colors_info=&#8221;{}&#8221;][et_pb_cta title=&#8221;Administration of Accounts Receivable&#8221; _builder_version=&#8221;4.14.2&#8243; _module_preset=&#8221;default&#8221; header_font=&#8221;Titillium Web|600|||||||&#8221; header_text_color=&#8221;#ffffff&#8221; header_font_size=&#8221;50px&#8221; body_font=&#8221;Titillium Web||||||||&#8221; body_text_color=&#8221;#ffffff&#8221; body_font_size=&#8221;18px&#8221; background_enable_color=&#8221;off&#8221; use_background_color_gradient=&#8221;on&#8221; background_color_gradient_start=&#8221;rgba(8,0,40,0.25)&#8221; background_color_gradient_end=&#8221;rgba(0,0,0,0)&#8221; background_color_gradient_overlays_image=&#8221;on&#8221; background_image=&#8221;https:\/\/afinstitution.com\/wp-content\/uploads\/2020\/11\/Consultancy.jpg&#8221; text_orientation=&#8221;left&#8221; width=&#8221;100%&#8221; min_height=&#8221;100%&#8221; custom_margin=&#8221;||||false|false&#8221; custom_padding=&#8221;8vw||8vw||true|false&#8221; header_font_size_tablet=&#8221;40px&#8221; header_font_size_phone=&#8221;30px&#8221; header_font_size_last_edited=&#8221;on|desktop&#8221; body_font_size_tablet=&#8221;16px&#8221; body_font_size_phone=&#8221;&#8221; body_font_size_last_edited=&#8221;on|desktop&#8221; border_width_all=&#8221;2px&#8221; border_color_all=&#8221;#ffffff&#8221; global_colors_info=&#8221;{}&#8221; border_color_all__hover_enabled=&#8221;off|hover&#8221; border_color_all__hover=&#8221;#e57539&#8243;]<\/p>\n<p>&nbsp;<\/p>\n<p><a href=\"https:\/\/afinstitution.com\/al\/contact-us\/&quot;\/\"><button class=\"home-btn effect-6\"><span>Lexo m\u00eb shum\u00eb<\/span><\/button><\/a><\/p>\n<p>[\/et_pb_cta][\/et_pb_column][\/et_pb_row][\/et_pb_section][et_pb_section fb_built=&#8221;1&#8243; _builder_version=&#8221;4.6.5&#8243; _module_preset=&#8221;default&#8221; background_enable_image=&#8221;off&#8221; background_size=&#8221;initial&#8221; background_position=&#8221;center_right&#8221; custom_padding=&#8221;8vw||8vw||true|false&#8221; top_divider_style=&#8221;mountains2&#8243; top_divider_color=&#8221;#f1f1f1&#8243; top_divider_height=&#8221;200px&#8221; background_last_edited=&#8221;on|desktop&#8221; use_background_color_gradient_tablet=&#8221;off&#8221; use_background_color_gradient_phone=&#8221;off&#8221; background_color_gradient_start_tablet=&#8221;rgba(255,255,255,0.85)&#8221; background_color_gradient_end_tablet=&#8221;rgba(0,0,0,0)&#8221; background_color_gradient_direction_tablet=&#8221;90deg&#8221; background_color_gradient_start_position_tablet=&#8221;80%&#8221; background_color_gradient_end_position_tablet=&#8221;100%&#8221; background_color_gradient_overlays_image_tablet=&#8221;on&#8221; background_enable_image_tablet=&#8221;off&#8221; background_enable_image_phone=&#8221;off&#8221; background_position_phone=&#8221;bottom_center&#8221; locked=&#8221;off&#8221; global_colors_info=&#8221;{}&#8221;][et_pb_row _builder_version=&#8221;4.6.5&#8243; _module_preset=&#8221;default&#8221; custom_padding=&#8221;0px||0px|||&#8221; locked=&#8221;off&#8221; global_colors_info=&#8221;{}&#8221;][et_pb_column type=&#8221;4_4&#8243; _builder_version=&#8221;4.6.5&#8243; _module_preset=&#8221;default&#8221; global_colors_info=&#8221;{}&#8221;][et_pb_cta title=&#8221;Administration of Accounts Receivable&#8221; _builder_version=&#8221;4.14.2&#8243; _module_preset=&#8221;default&#8221; header_font=&#8221;Titillium Web|600|||||||&#8221; header_text_color=&#8221;#0b4779&#8243; header_font_size=&#8221;50px&#8221; header_line_height=&#8221;1.7em&#8221; body_font=&#8221;Titillium Web||||||||&#8221; body_text_color=&#8221;#0b4779&#8243; body_font_size=&#8221;18px&#8221; body_line_height=&#8221;1.8em&#8221; body_ul_position=&#8221;inside&#8221; body_ul_font=&#8221;Titillium Web||||||||&#8221; body_ul_text_color=&#8221;#0b4779&#8243; background_enable_color=&#8221;off&#8221; background_enable_image=&#8221;off&#8221; background_position=&#8221;center_right&#8221; text_orientation=&#8221;left&#8221; custom_margin=&#8221;||||false|false&#8221; custom_padding=&#8221;0px|0px|0px|0px|false|true&#8221; hover_enabled=&#8221;0&#8243; header_font_size_tablet=&#8221;40px&#8221; header_font_size_phone=&#8221;30px&#8221; header_font_size_last_edited=&#8221;on|desktop&#8221; body_font_size_tablet=&#8221;16px&#8221; body_font_size_phone=&#8221;&#8221; body_font_size_last_edited=&#8221;on|phone&#8221; border_color_all=&#8221;#ffffff&#8221; global_colors_info=&#8221;{}&#8221; border_color_all__hover_enabled=&#8221;off|hover&#8221; border_color_all__hover=&#8221;#e57539&#8243; sticky_enabled=&#8221;0&#8243;]<\/p>\n<p>Administrim i llogarive t\u00eb ark\u00ebtueshme ka t\u00eb b\u00ebj\u00eb:<\/p>\n<ul>\n<li>me asistenc\u00ebn n\u00eb administrimin:<\/li>\n<li>mbajtjen e rekordeve,<\/li>\n<li>kontaktet me debitor\u00ebt dhe t\u00eb tjera veprimtari\nme q\u00ebllim ark\u00ebtimin e llogarive t\u00eb ark\u00ebtueshme n\u00eb koh\u00eb.<\/li>\n<\/ul>\n<p><span>Ne mund t\u00eb mbajm\u00eb kontabilitetin ose t\u00eb mund\u00ebsojm\u00eb mb\u00ebshtetje apo k\u00ebshillim p\u00ebr departamentin e br\u00ebndsh\u00ebm t\u00eb kontabilitetit, por ne jemi gjithmon\u00eb t\u00eb fokusuar n\u00eb q\u00ebllimin final: n\u00eb mund\u00ebsimin e nj\u00eb informacioni t\u00eb qart\u00eb dhe t\u00eb dobish\u00ebm financiar, q\u00eb ju mund\u00ebson klient\u00ebve t\u00eb marrin vendimet e drejta\/duhura.<\/span><\/p>\n<p>[\/et_pb_cta][\/et_pb_column][\/et_pb_row][\/et_pb_section]<\/p>","protected":false},"excerpt":{"rendered":"<p><div class=\"et_pb_module lwp_divi_breadcrumbs lwp_divi_breadcrumbs_0\">\n\t\t\t\t\n\t\t\t\t\n\t\t\t\t\n\t\t\t\t\n\t\t\t\t\n\t\t\t\t\n\t\t\t\t<div class=\"et_pb_module_inner\">\n\t\t\t\t\t<div class=\"lwp-breadcrumbs\"> <span class=\"before\"><\/span> <span vocab=\"https:\/\/schema.org\/\" typeof=\"BreadcrumbList\"><span property=\"itemListElement\" typeof=\"ListItem\"><a property=\"item\" typeof=\"WebPage\" href=\"https:\/\/afinstitution.com\/al\/\" class=\"home\"><span property=\"name\">Kreu<\/span><\/a><meta property=\"position\" content=\"1\"><\/span> <span class=\"separator et-pb-icon\">&#x39;<\/span> <\/span><\/div>\n\t\t\t\t<\/div>\n\t\t\t<\/div>&nbsp; Get StartedAdministration of Accounts Receivable consists of: Assistance in the administration of accounts receivable; Keeping records; Contacts with debtors and other activities with the purpose of collecting accounts receivable on time. We are more than just accountants who record the events that took place. We may [&hellip;]<\/p>","protected":false},"author":1,"featured_media":0,"parent":0,"menu_order":0,"comment_status":"closed","ping_status":"closed","template":"","meta":{"_et_pb_use_builder":"on","_et_pb_old_content":"","_et_gb_content_width":"","footnotes":""},"class_list":["post-272021","page","type-page","status-publish","hentry"],"_links":{"self":[{"href":"https:\/\/afinstitution.com\/al\/wp-json\/wp\/v2\/pages\/272021","targetHints":{"allow":["GET"]}}],"collection":[{"href":"https:\/\/afinstitution.com\/al\/wp-json\/wp\/v2\/pages"}],"about":[{"href":"https:\/\/afinstitution.com\/al\/wp-json\/wp\/v2\/types\/page"}],"author":[{"embeddable":true,"href":"https:\/\/afinstitution.com\/al\/wp-json\/wp\/v2\/users\/1"}],"replies":[{"embeddable":true,"href":"https:\/\/afinstitution.com\/al\/wp-json\/wp\/v2\/comments?post=272021"}],"version-history":[{"count":29,"href":"https:\/\/afinstitution.com\/al\/wp-json\/wp\/v2\/pages\/272021\/revisions"}],"predecessor-version":[{"id":278960,"href":"https:\/\/afinstitution.com\/al\/wp-json\/wp\/v2\/pages\/272021\/revisions\/278960"}],"wp:attachment":[{"href":"https:\/\/afinstitution.com\/al\/wp-json\/wp\/v2\/media?parent=272021"}],"curies":[{"name":"wp","href":"https:\/\/api.w.org\/{rel}","templated":true}]}}