{"id":272024,"date":"2020-10-08T10:03:21","date_gmt":"2020-10-08T10:03:21","guid":{"rendered":"https:\/\/infinitdev.com\/restaurant\/?page_id=272024"},"modified":"2021-12-07T10:22:38","modified_gmt":"2021-12-07T10:22:38","slug":"leasing","status":"publish","type":"page","link":"https:\/\/afinstitution.com\/al\/leasing\/","title":{"rendered":"Qira Financiare (Leasing)"},"content":{"rendered":"<p>[et_pb_section fb_built=&#8221;1&#8243; _builder_version=&#8221;4.6.6&#8243; _module_preset=&#8221;default&#8221; background_color=&#8221;#f1f1f1&#8243; custom_padding=&#8221;0px||0px||false|false&#8221; border_color_all=&#8221;#ffffff&#8221; border_width_right=&#8221;5px&#8221; border_width_left=&#8221;5px&#8221; locked=&#8221;off&#8221; global_colors_info=&#8221;{}&#8221;][et_pb_row _builder_version=&#8221;4.6.5&#8243; _module_preset=&#8221;default&#8221; width=&#8221;90%&#8221; max_width=&#8221;100%&#8221; custom_padding=&#8221;15px||15px||true|false&#8221; global_colors_info=&#8221;{}&#8221;][et_pb_column type=&#8221;4_4&#8243; _builder_version=&#8221;4.6.5&#8243; _module_preset=&#8221;default&#8221; global_colors_info=&#8221;{}&#8221;][lwp_divi_breadcrumbs font_icon=&#8221;%%3%%&#8221; link_color=&#8221;#0b4779&#8243; separator_color=&#8221;#00b1af&#8221; current_text_color=&#8221;#e47539&#8243; _builder_version=&#8221;4.6.6&#8243; _module_preset=&#8221;default&#8221; module_font=&#8221;Titillium Web||||||||&#8221; global_colors_info=&#8221;{}&#8221;][\/lwp_divi_breadcrumbs][\/et_pb_column][\/et_pb_row][\/et_pb_section][et_pb_section fb_built=&#8221;1&#8243; _builder_version=&#8221;4.6.6&#8243; _module_preset=&#8221;default&#8221; custom_padding=&#8221;0px||0px||true|false&#8221; border_color_all=&#8221;#ffffff&#8221; border_width_top=&#8221;5px&#8221; border_width_right=&#8221;1px&#8221; border_width_left=&#8221;10px&#8221; global_colors_info=&#8221;{}&#8221;][et_pb_row column_structure=&#8221;1_3,2_3&#8243; use_custom_gutter=&#8221;on&#8221; gutter_width=&#8221;1&#8243; make_equal=&#8221;on&#8221; _builder_version=&#8221;4.6.6&#8243; _module_preset=&#8221;default&#8221; width=&#8221;100%&#8221; max_width=&#8221;100%&#8221; custom_margin=&#8221;|auto||-5px||&#8221; custom_padding=&#8221;0px||0px||true|false&#8221; border_color_all=&#8221;#ffffff&#8221; global_colors_info=&#8221;{}&#8221;][et_pb_column type=&#8221;1_3&#8243; _builder_version=&#8221;4.6.6&#8243; _module_preset=&#8221;default&#8221; background_color=&#8221;#e47539&#8243; global_colors_info=&#8221;{}&#8221;][et_pb_blurb title=&#8221;Auto Leasing&#8221; url=&#8221;https:\/\/afinstitution.com\/auto-leasing\/&#8221; image=&#8221;https:\/\/afinstitution.com\/wp-content\/uploads\/2020\/10\/car.png&#8221; alt=&#8221;Auto Leasing&#8221; icon_placement=&#8221;left&#8221; image_icon_width=&#8221;64px&#8221; content_max_width_tablet=&#8221;1100px&#8221; content_max_width_last_edited=&#8221;off|desktop&#8221; _builder_version=&#8221;4.13.0&#8243; header_font=&#8221;Titillium Web||||||||&#8221; header_text_color=&#8221;#ffffff&#8221; header_font_size=&#8221;24px&#8221; body_font=&#8221;Titillium Web||||||||&#8221; body_font_size=&#8221;25px&#8221; background_layout=&#8221;dark&#8221; custom_margin=&#8221;15px|||50px|false|false&#8221; custom_margin_tablet=&#8221;|||0px|false|false&#8221; custom_margin_phone=&#8221;60px|||40px|false|false&#8221; custom_margin_last_edited=&#8221;on|desktop&#8221; custom_padding=&#8221;15px||15px||true|false&#8221; animation_style=&#8221;slide&#8221; animation_direction=&#8221;right&#8221; animation_intensity_slide=&#8221;10%&#8221; animation=&#8221;off&#8221; link_option_url=&#8221;https:\/\/afinstitution.com\/auto-leasing\/&#8221; custom_css_blurb_title=&#8221;margin-top: 22px;&#8221; image_max_width=&#8221;64px&#8221; global_colors_info=&#8221;{}&#8221;][\/et_pb_blurb][et_pb_blurb title=&#8221;Transport Leasing&#8221; url=&#8221;https:\/\/afinstitution.com\/transport-leasing\/&#8221; image=&#8221;https:\/\/afinstitution.com\/wp-content\/uploads\/2020\/10\/bus.png&#8221; alt=&#8221;Transport Leasing&#8221; icon_placement=&#8221;left&#8221; image_icon_width=&#8221;64px&#8221; content_max_width_tablet=&#8221;1100px&#8221; content_max_width_last_edited=&#8221;off|desktop&#8221; _builder_version=&#8221;4.13.0&#8243; header_font=&#8221;Titillium Web||||||||&#8221; header_text_color=&#8221;#ffffff&#8221; header_font_size=&#8221;24px&#8221; body_font=&#8221;Titillium Web||||||||&#8221; body_font_size=&#8221;25px&#8221; background_layout=&#8221;dark&#8221; custom_margin=&#8221;|||50px|false|false&#8221; custom_margin_tablet=&#8221;|||0px|false|false&#8221; custom_margin_phone=&#8221;|||40px|false|false&#8221; custom_margin_last_edited=&#8221;on|phone&#8221; custom_padding=&#8221;15px||15px||true|false&#8221; animation_style=&#8221;slide&#8221; animation_direction=&#8221;right&#8221; animation_intensity_slide=&#8221;10%&#8221; animation=&#8221;off&#8221; link_option_url=&#8221;https:\/\/afinstitution.com\/transport-leasing\/&#8221; custom_css_blurb_title=&#8221;margin-top: 22px;&#8221; image_max_width=&#8221;64px&#8221; global_colors_info=&#8221;{}&#8221;][\/et_pb_blurb][et_pb_blurb title=&#8221;Machineries &#038; Equipment Leasing&#8221; url=&#8221;https:\/\/afinstitution.com\/machineries-equipment-leasing\/&#8221; image=&#8221;https:\/\/afinstitution.com\/wp-content\/uploads\/2020\/10\/excavator-1.png&#8221; alt=&#8221;Auto Leasing&#8221; icon_placement=&#8221;left&#8221; image_icon_width=&#8221;64px&#8221; content_max_width_tablet=&#8221;1100px&#8221; content_max_width_last_edited=&#8221;off|desktop&#8221; _builder_version=&#8221;4.13.0&#8243; header_font=&#8221;Titillium Web||||||||&#8221; header_text_color=&#8221;#ffffff&#8221; header_font_size=&#8221;24px&#8221; body_font=&#8221;Titillium Web||||||||&#8221; body_font_size=&#8221;25px&#8221; background_layout=&#8221;dark&#8221; custom_margin=&#8221;|||50px|false|false&#8221; custom_margin_tablet=&#8221;|||0px|false|false&#8221; custom_margin_phone=&#8221;|||40px|false|false&#8221; custom_margin_last_edited=&#8221;on|phone&#8221; custom_padding=&#8221;15px||15px||true|false&#8221; animation_style=&#8221;slide&#8221; animation_direction=&#8221;right&#8221; animation_intensity_slide=&#8221;10%&#8221; animation=&#8221;off&#8221; link_option_url=&#8221;https:\/\/afinstitution.com\/machineries-equipment-leasing\/&#8221; custom_css_blurb_title=&#8221;margin-top: 18px;&#8221; image_max_width=&#8221;64px&#8221; global_colors_info=&#8221;{}&#8221;][\/et_pb_blurb][et_pb_blurb title=&#8221;Real Estate Leasing&#8221; url=&#8221;https:\/\/afinstitution.com\/real-estate-leasing\/&#8221; image=&#8221;https:\/\/afinstitution.com\/wp-content\/uploads\/2020\/10\/house.png&#8221; alt=&#8221;Real Estate Leasing&#8221; icon_placement=&#8221;left&#8221; image_icon_width=&#8221;64px&#8221; content_max_width_tablet=&#8221;1100px&#8221; content_max_width_last_edited=&#8221;off|desktop&#8221; _builder_version=&#8221;4.13.0&#8243; header_font=&#8221;Titillium Web||||||||&#8221; header_text_color=&#8221;#ffffff&#8221; header_font_size=&#8221;24px&#8221; body_font=&#8221;Titillium Web||||||||&#8221; body_font_size=&#8221;25px&#8221; background_layout=&#8221;dark&#8221; custom_margin=&#8221;|||50px|false|false&#8221; custom_margin_tablet=&#8221;|||0px|false|false&#8221; custom_margin_phone=&#8221;||60px|40px|false|false&#8221; custom_margin_last_edited=&#8221;on|desktop&#8221; custom_padding=&#8221;15px||15px||true|false&#8221; animation_style=&#8221;slide&#8221; animation_direction=&#8221;right&#8221; animation_intensity_slide=&#8221;10%&#8221; animation=&#8221;off&#8221; link_option_url=&#8221;https:\/\/afinstitution.com\/real-estate-leasing\/&#8221; custom_css_blurb_title=&#8221;margin-top: 22px;&#8221; image_max_width=&#8221;64px&#8221; global_colors_info=&#8221;{}&#8221;][\/et_pb_blurb][\/et_pb_column][et_pb_column type=&#8221;2_3&#8243; _builder_version=&#8221;4.6.6&#8243; _module_preset=&#8221;default&#8221; global_colors_info=&#8221;{}&#8221;][et_pb_slider show_arrows=&#8221;off&#8221; show_pagination=&#8221;off&#8221; use_bg_overlay=&#8221;off&#8221; use_text_overlay=&#8221;off&#8221; _builder_version=&#8221;4.8.0&#8243; _module_preset=&#8221;default&#8221; header_font=&#8221;Titillium Web|600|||||||&#8221; header_font_size=&#8221;50px&#8221; body_font=&#8221;Titillium Web||||||||&#8221; body_font_size=&#8221;18px&#8221; text_orientation=&#8221;left&#8221; custom_padding=&#8221;||||false|false&#8221; auto=&#8221;on&#8221; auto_speed=&#8221;4000&#8243; header_font_size_tablet=&#8221;40px&#8221; header_font_size_phone=&#8221;30px&#8221; header_font_size_last_edited=&#8221;on|phone&#8221; body_font_size_tablet=&#8221;16px&#8221; body_font_size_phone=&#8221;16px&#8221; body_font_size_last_edited=&#8221;on|desktop&#8221; global_colors_info=&#8221;{}&#8221;][et_pb_slide heading=&#8221;Personal &#038; Business Leasing&#8221; use_bg_overlay=&#8221;on&#8221; bg_overlay_color=&#8221;rgba(0,0,0,0.2)&#8221; use_text_overlay=&#8221;off&#8221; _builder_version=&#8221;4.8.0&#8243; _module_preset=&#8221;default&#8221; background_enable_color=&#8221;off&#8221; background_image=&#8221;https:\/\/afinstitution.com\/wp-content\/uploads\/2020\/10\/AutoLease-scaled.jpg&#8221; background_enable_image=&#8221;on&#8221; global_colors_info=&#8221;{}&#8221; sticky_transition=&#8221;on&#8221;]<span>Qiraja Finaciare \u00ebshte zgjidhja m\u00eb e mir\u00eb p\u00ebr makina t\u00eb reja dhe t\u00eb p\u00ebrdorura ose asete t\u00eb tjera.<\/span><\/p>\n<p><a href=\"https:\/\/afinstitution.com\/al\/get-started\/\"><button class=\"home-btn effect-6\"><span>Lexo m\u00eb shum\u00eb<\/span><\/button><\/a>[\/et_pb_slide][et_pb_slide heading=&#8221;Transport Leasing&#8221; use_bg_overlay=&#8221;on&#8221; bg_overlay_color=&#8221;rgba(0,0,0,0.2)&#8221; use_text_overlay=&#8221;off&#8221; _builder_version=&#8221;4.8.0&#8243; _module_preset=&#8221;default&#8221; background_enable_color=&#8221;off&#8221; background_image=&#8221;https:\/\/afinstitution.com\/wp-content\/uploads\/2020\/10\/Transport.png&#8221; background_enable_image=&#8221;on&#8221; global_colors_info=&#8221;{}&#8221; sticky_transition=&#8221;on&#8221;]<span>Qiraja Finaciare \u00ebshte zgjidhja m\u00eb e mir\u00eb p\u00ebr makina t\u00eb reja dhe t\u00eb p\u00ebrdorura ose asete t\u00eb tjera.<\/span><\/p>\n<p><a href=\"https:\/\/afinstitution.com\/al\/get-started\/\"><button class=\"home-btn effect-6\"><span>Lexo m\u00eb shum\u00eb<\/span><\/button><\/a>[\/et_pb_slide][et_pb_slide heading=&#8221;Machineries &#038; Equipment Leasing&#8221; use_bg_overlay=&#8221;on&#8221; bg_overlay_color=&#8221;rgba(0,0,0,0.2)&#8221; use_text_overlay=&#8221;off&#8221; _builder_version=&#8221;4.8.0&#8243; _module_preset=&#8221;default&#8221; background_enable_color=&#8221;off&#8221; background_image=&#8221;https:\/\/afinstitution.com\/wp-content\/uploads\/2020\/11\/Slider_1.png&#8221; background_enable_image=&#8221;on&#8221; global_colors_info=&#8221;{}&#8221; sticky_transition=&#8221;on&#8221;]<span>Qiraja Finaciare \u00ebshte zgjidhja m\u00eb e mir\u00eb p\u00ebr makina t\u00eb reja dhe t\u00eb p\u00ebrdorura ose asete t\u00eb tjera.<\/span><\/p>\n<p><a href=\"https:\/\/afinstitution.com\/al\/get-started\/\"><button class=\"home-btn effect-6\"><span>Lexo m\u00eb shum\u00eb<\/span><\/button><\/a>[\/et_pb_slide][et_pb_slide heading=&#8221;Real Estate Leasing&#8221; use_bg_overlay=&#8221;on&#8221; bg_overlay_color=&#8221;rgba(0,0,0,0.2)&#8221; use_text_overlay=&#8221;off&#8221; _builder_version=&#8221;4.8.0&#8243; _module_preset=&#8221;default&#8221; background_enable_color=&#8221;off&#8221; background_image=&#8221;https:\/\/afinstitution.com\/wp-content\/uploads\/2020\/10\/businesswoman-s-hand-holding-wooden-house-model-keys-against-blur-house-scaled.jpg&#8221; background_enable_image=&#8221;on&#8221; global_colors_info=&#8221;{}&#8221; sticky_transition=&#8221;on&#8221;]&nbsp;<\/p>\n<p><a href=\"https:\/\/afinstitution.com\/al\/get-started\/\"><button class=\"home-btn effect-6\"><span>Lexo m\u00eb shum\u00eb<\/span><\/button><\/a>[\/et_pb_slide][\/et_pb_slider][\/et_pb_column][\/et_pb_row][\/et_pb_section][et_pb_section fb_built=&#8221;1&#8243; _builder_version=&#8221;4.6.6&#8243; _module_preset=&#8221;default&#8221; background_enable_image=&#8221;off&#8221; background_size=&#8221;initial&#8221; background_position=&#8221;center_right&#8221; custom_padding=&#8221;8vw||0vw||false|false&#8221; top_divider_style=&#8221;mountains2&#8243; top_divider_color=&#8221;#f1f1f1&#8243; top_divider_height=&#8221;200px&#8221; background_last_edited=&#8221;on|desktop&#8221; use_background_color_gradient_tablet=&#8221;off&#8221; use_background_color_gradient_phone=&#8221;off&#8221; background_color_gradient_start_tablet=&#8221;rgba(255,255,255,0.85)&#8221; background_color_gradient_end_tablet=&#8221;rgba(0,0,0,0)&#8221; background_color_gradient_direction_tablet=&#8221;90deg&#8221; background_color_gradient_start_position_tablet=&#8221;80%&#8221; background_color_gradient_end_position_tablet=&#8221;100%&#8221; background_color_gradient_overlays_image_tablet=&#8221;on&#8221; background_enable_image_tablet=&#8221;off&#8221; background_enable_image_phone=&#8221;off&#8221; background_position_phone=&#8221;bottom_center&#8221; locked=&#8221;off&#8221; global_colors_info=&#8221;{}&#8221;][et_pb_row _builder_version=&#8221;4.6.5&#8243; _module_preset=&#8221;default&#8221; custom_padding=&#8221;0px||0px|||&#8221; locked=&#8221;off&#8221; global_colors_info=&#8221;{}&#8221;][et_pb_column type=&#8221;4_4&#8243; _builder_version=&#8221;4.6.5&#8243; _module_preset=&#8221;default&#8221; global_colors_info=&#8221;{}&#8221;][et_pb_cta title=&#8221;What is a Financial  Leasing?&#8221; _builder_version=&#8221;4.6.6&#8243; _module_preset=&#8221;default&#8221; header_font=&#8221;Titillium Web|600|||||||&#8221; header_text_color=&#8221;#0b4779&#8243; header_font_size=&#8221;50px&#8221; header_line_height=&#8221;1.7em&#8221; body_font=&#8221;Titillium Web||||||||&#8221; body_text_color=&#8221;#0b4779&#8243; body_font_size=&#8221;18px&#8221; body_line_height=&#8221;1.8em&#8221; body_ul_type=&#8221;circle&#8221; body_ul_position=&#8221;inside&#8221; body_ul_font=&#8221;Titillium Web||||||||&#8221; body_ul_text_color=&#8221;#e47539&#8243; background_enable_color=&#8221;off&#8221; background_enable_image=&#8221;off&#8221; background_position=&#8221;center_right&#8221; text_orientation=&#8221;left&#8221; custom_margin=&#8221;||||false|false&#8221; custom_padding=&#8221;0px|0px|0px|0px|false|true&#8221; hover_enabled=&#8221;0&#8243; header_font_size_tablet=&#8221;40px&#8221; header_font_size_phone=&#8221;30px&#8221; header_font_size_last_edited=&#8221;on|phone&#8221; header_line_height_tablet=&#8221;&#8221; header_line_height_phone=&#8221;&#8221; header_line_height_last_edited=&#8221;on|tablet&#8221; body_font_size_tablet=&#8221;16px&#8221; body_font_size_phone=&#8221;&#8221; body_font_size_last_edited=&#8221;on|phone&#8221; border_color_all=&#8221;#ffffff&#8221; global_colors_info=&#8221;{}&#8221; border_color_all__hover_enabled=&#8221;off|hover&#8221; border_color_all__hover=&#8221;#e57539&#8243; sticky_enabled=&#8221;0&#8243;]<\/p>\n<p><span>Qiraja Financiare \u00ebsht\u00eb nj\u00eb form\u00eb p\u00ebvet\u00ebsimi i aseteve t\u00eb prekshme ose i pajisjeve. Ky sh\u00ebrbim zyrtarizohet n\u00ebp\u00ebrmjet kontrat\u00ebs s\u00eb Qiras\u00eb Financiare e cila p\u00ebrcakton blerjen e nj\u00eb aseti, duke p\u00ebrvet\u00ebsuar pron\u00ebsin\u00eb e tij.<\/span><\/p>\n<p>[\/et_pb_cta][et_pb_text _builder_version=&#8221;4.6.6&#8243; _module_preset=&#8221;default&#8221; text_font=&#8221;Titillium Web||||||||&#8221; text_text_color=&#8221;#0b4779&#8243; text_font_size=&#8221;18px&#8221; ul_font=&#8221;||||||||&#8221; ul_text_color=&#8221;#0b4779&#8243; header_font=&#8221;Titillium Web||||||||&#8221; header_3_font=&#8221;Titillium Web||||||||&#8221; header_3_text_color=&#8221;#e47539&#8243; header_3_font_size=&#8221;25px&#8221; header_3_line_height=&#8221;3em&#8221; background_enable_image=&#8221;off&#8221; background_size=&#8221;initial&#8221; background_position=&#8221;center_right&#8221; global_colors_info=&#8221;{}&#8221;]<\/p>\n<h3>P\u00ebrkufizimet n\u00eb kontrat\u00eb:<\/h3>\n<ul>\n<li>Periudha e p\u00ebrdorimit t\u00eb mjetit\/pajisjes;<\/li>\n<li>P\u00ebrgjegj\u00ebsia e mbulimit t\u00eb riskut;<\/li>\n<li>Mir\u00ebmbajtja e mjetit ose pajisjes;<\/li>\n<li>Vlera dhe periodiciteti i k\u00ebsteve(zakonisht mujor);<\/li>\n<li>Opsion p\u00ebr t\u00eb bler\u00eb mjet\/pajisje pas afateve t\u00eb maturimit;<\/li>\n<\/ul>\n<h3>Produktet e Qiras\u00eb Financiare:<\/h3>\n<ul>\n<li>Qira financiare p\u00ebr mjete dhe flotat t\u00eb t\u00eb gjitha llojeve (AFI bashk\u00ebpunon me t\u00eb gjith\u00eb kon\u00e7ensionar\u00ebt e automjeteve);<\/li>\n<li>Qira financiare p\u00ebr makineri dhe pajisje (t\u00eb tilla si makineri dhe pajisje industriale, pajisje dentare etj);<\/li>\n<li>Qira financiare p\u00ebr pajisje elektrosht\u00ebpiake dhe pajisje zyre, duke p\u00ebrfshire laptop, aparate telefonik dhe pajisje t\u00eb tjera zyre;<\/li>\n<li>Qira financiare per pasurit\u00eb e paluajtshme<\/li>\n<\/ul>\n<p>[\/et_pb_text][\/et_pb_column][\/et_pb_row][\/et_pb_section][et_pb_section fb_built=&#8221;1&#8243; custom_padding_last_edited=&#8221;off|desktop&#8221; admin_label=&#8221;Simple Steps Section&#8221; _builder_version=&#8221;4.6.6&#8243; background_enable_color=&#8221;off&#8221; custom_margin=&#8221;||||false|false&#8221; custom_padding=&#8221;8vw||8vw||true|false&#8221; custom_padding_tablet=&#8221;||120px|&#8221; locked=&#8221;off&#8221; global_colors_info=&#8221;{}&#8221;][et_pb_row _builder_version=&#8221;4.6.5&#8243; _module_preset=&#8221;default&#8221; custom_padding=&#8221;0px||0px|||&#8221; locked=&#8221;off&#8221; global_colors_info=&#8221;{}&#8221;][et_pb_column type=&#8221;4_4&#8243; _builder_version=&#8221;4.6.5&#8243; _module_preset=&#8221;default&#8221; global_colors_info=&#8221;{}&#8221;][et_pb_cta title=&#8221;The benefits of Leasing?&#8221; _builder_version=&#8221;4.6.6&#8243; _module_preset=&#8221;default&#8221; header_font=&#8221;Titillium Web|600|||||||&#8221; header_text_color=&#8221;#0b4779&#8243; header_font_size=&#8221;50px&#8221; header_line_height=&#8221;1.7em&#8221; body_font=&#8221;Titillium Web||||||||&#8221; body_text_color=&#8221;#0b4779&#8243; body_font_size=&#8221;18px&#8221; body_line_height=&#8221;1.8em&#8221; body_ul_type=&#8221;circle&#8221; body_ul_position=&#8221;inside&#8221; body_ul_font=&#8221;Titillium Web||||||||&#8221; body_ul_text_color=&#8221;#e47539&#8243; background_enable_color=&#8221;off&#8221; background_enable_image=&#8221;off&#8221; background_position=&#8221;center_right&#8221; text_orientation=&#8221;left&#8221; custom_margin=&#8221;||||false|false&#8221; custom_padding=&#8221;0px|0px|0px|0px|false|true&#8221; header_font_size_tablet=&#8221;40px&#8221; header_font_size_phone=&#8221;30px&#8221; header_font_size_last_edited=&#8221;on|desktop&#8221; body_font_size_tablet=&#8221;16px&#8221; body_font_size_phone=&#8221;&#8221; body_font_size_last_edited=&#8221;on|phone&#8221; border_color_all=&#8221;#ffffff&#8221; global_colors_info=&#8221;{}&#8221; border_color_all__hover_enabled=&#8221;off|hover&#8221; border_color_all__hover=&#8221;#e57539&#8243;][\/et_pb_cta][\/et_pb_column][\/et_pb_row][et_pb_row column_structure=&#8221;1_3,1_3,1_3&#8243; use_custom_gutter=&#8221;on&#8221; gutter_width=&#8221;2&#8243; _builder_version=&#8221;4.6.5&#8243; custom_margin=&#8221;80px||40px||false&#8221; custom_margin_tablet=&#8221;0px||0px||false&#8221; custom_margin_phone=&#8221;&#8221; custom_margin_last_edited=&#8221;on|phone&#8221; border_color_all=&#8221;rgba(0,0,0,0.12)&#8221; border_width_top=&#8221;1px&#8221; border_color_top=&#8221;#ccc&#8221; global_colors_info=&#8221;{}&#8221;][et_pb_column type=&#8221;1_3&#8243; _builder_version=&#8221;3.25&#8243; custom_padding=&#8221;0px|||&#8221; global_colors_info=&#8221;{}&#8221; custom_padding__hover=&#8221;|||&#8221;][et_pb_text _builder_version=&#8221;4.6.5&#8243; text_font=&#8221;Poppins|600|||||||&#8221; text_text_color=&#8221;#ffffff&#8221; text_font_size=&#8221;32px&#8221; text_line_height=&#8221;40px&#8221; header_font=&#8221;||||||||&#8221; background_color=&#8221;#e47539&#8243; text_orientation=&#8221;center&#8221; max_width=&#8221;80px&#8221; module_alignment=&#8221;center&#8221; custom_margin=&#8221;-68px|||&#8221; custom_margin_tablet=&#8221;0px|||&#8221; custom_margin_phone=&#8221;&#8221; custom_margin_last_edited=&#8221;on|tablet&#8221; custom_padding=&#8221;20px||20px||true|false&#8221; animation_style=&#8221;slide&#8221; animation_direction=&#8221;left&#8221; animation_intensity_slide=&#8221;5%&#8221; border_radii=&#8221;on|100px|100px|100px|100px&#8221; global_colors_info=&#8221;{}&#8221;]1<br \/>\n[\/et_pb_text][et_pb_blurb title=&#8221;Reduce risk&#8221; _builder_version=&#8221;4.13.0&#8243; header_font=&#8221;Titillium Web||||||||&#8221; header_text_color=&#8221;#0b4779&#8243; header_font_size=&#8221;26px&#8221; header_line_height=&#8221;1.4em&#8221; body_font=&#8221;Titillium Web||||||||&#8221; body_text_color=&#8221;#0b4779&#8243; body_font_size=&#8221;16px&#8221; body_line_height=&#8221;1.6em&#8221; text_orientation=&#8221;center&#8221; animation_style=&#8221;slide&#8221; animation_direction=&#8221;left&#8221; animation_intensity_slide=&#8221;5%&#8221; animation=&#8221;off&#8221; global_colors_info=&#8221;{}&#8221;][\/et_pb_blurb][\/et_pb_column][et_pb_column type=&#8221;1_3&#8243; _builder_version=&#8221;3.25&#8243; custom_padding=&#8221;|||&#8221; global_colors_info=&#8221;{}&#8221; custom_padding__hover=&#8221;|||&#8221;][et_pb_text _builder_version=&#8221;4.6.5&#8243; text_font=&#8221;Poppins|600|||||||&#8221; text_text_color=&#8221;#ffffff&#8221; text_font_size=&#8221;32px&#8221; text_line_height=&#8221;40px&#8221; header_font=&#8221;||||||||&#8221; background_color=&#8221;#e47539&#8243; text_orientation=&#8221;center&#8221; max_width=&#8221;80px&#8221; module_alignment=&#8221;center&#8221; custom_margin=&#8221;-68px|||&#8221; custom_margin_tablet=&#8221;0px|||&#8221; custom_margin_phone=&#8221;&#8221; custom_margin_last_edited=&#8221;on|tablet&#8221; custom_padding=&#8221;20px||20px||true|false&#8221; animation_style=&#8221;slide&#8221; animation_direction=&#8221;left&#8221; animation_intensity_slide=&#8221;15%&#8221; border_radii=&#8221;on|100px|100px|100px|100px&#8221; global_colors_info=&#8221;{}&#8221;]2<br \/>\n[\/et_pb_text][et_pb_blurb title=&#8221;Reduce total cost&#8221; _builder_version=&#8221;4.13.0&#8243; header_font=&#8221;Titillium Web||||||||&#8221; header_text_color=&#8221;#0b4779&#8243; header_font_size=&#8221;26px&#8221; header_line_height=&#8221;1.4em&#8221; body_font=&#8221;Titillium Web||||||||&#8221; body_text_color=&#8221;#0b4779&#8243; body_font_size=&#8221;16px&#8221; body_line_height=&#8221;1.6em&#8221; text_orientation=&#8221;center&#8221; animation_style=&#8221;slide&#8221; animation_direction=&#8221;left&#8221; animation_intensity_slide=&#8221;15%&#8221; animation=&#8221;off&#8221; locked=&#8221;off&#8221; global_colors_info=&#8221;{}&#8221;][\/et_pb_blurb][\/et_pb_column][et_pb_column type=&#8221;1_3&#8243; _builder_version=&#8221;3.25&#8243; custom_padding=&#8221;|||&#8221; global_colors_info=&#8221;{}&#8221; custom_padding__hover=&#8221;|||&#8221;][et_pb_text _builder_version=&#8221;4.6.5&#8243; text_font=&#8221;Poppins|600|||||||&#8221; text_text_color=&#8221;#ffffff&#8221; text_font_size=&#8221;32px&#8221; text_line_height=&#8221;40px&#8221; header_font=&#8221;||||||||&#8221; background_color=&#8221;#e47539&#8243; text_orientation=&#8221;center&#8221; max_width=&#8221;80px&#8221; module_alignment=&#8221;center&#8221; custom_margin=&#8221;-68px|||&#8221; custom_margin_tablet=&#8221;0px|||&#8221; custom_margin_phone=&#8221;&#8221; custom_margin_last_edited=&#8221;on|tablet&#8221; custom_padding=&#8221;20px||20px||true|false&#8221; animation_style=&#8221;slide&#8221; animation_direction=&#8221;left&#8221; animation_intensity_slide=&#8221;35%&#8221; border_radii=&#8221;on|100px|100px|100px|100px&#8221; global_colors_info=&#8221;{}&#8221;]3<br \/>\n[\/et_pb_text][et_pb_blurb title=&#8221;Flexibility&#8221; _builder_version=&#8221;4.13.0&#8243; header_font=&#8221;Titillium Web||||||||&#8221; header_text_color=&#8221;#0b4779&#8243; header_font_size=&#8221;26px&#8221; header_line_height=&#8221;1.4em&#8221; body_font=&#8221;Titillium Web||||||||&#8221; body_text_color=&#8221;#0b4779&#8243; body_font_size=&#8221;16px&#8221; body_line_height=&#8221;1.6em&#8221; text_orientation=&#8221;center&#8221; animation_style=&#8221;slide&#8221; animation_direction=&#8221;left&#8221; animation_intensity_slide=&#8221;35%&#8221; animation=&#8221;off&#8221; locked=&#8221;off&#8221; global_colors_info=&#8221;{}&#8221;][\/et_pb_blurb][\/et_pb_column][\/et_pb_row][\/et_pb_section]<\/p>","protected":false},"excerpt":{"rendered":"<p><div class=\"et_pb_module lwp_divi_breadcrumbs lwp_divi_breadcrumbs_0\">\n\t\t\t\t\n\t\t\t\t\n\t\t\t\t\n\t\t\t\t\n\t\t\t\t\n\t\t\t\t\n\t\t\t\t<div class=\"et_pb_module_inner\">\n\t\t\t\t\t<div class=\"lwp-breadcrumbs\"> <span class=\"before\"><\/span> <span vocab=\"https:\/\/schema.org\/\" typeof=\"BreadcrumbList\"><span property=\"itemListElement\" typeof=\"ListItem\"><a property=\"item\" typeof=\"WebPage\" href=\"https:\/\/afinstitution.com\/al\/\" class=\"home\"><span property=\"name\">Kreu<\/span><\/a><meta property=\"position\" content=\"1\"><\/span> <span class=\"separator et-pb-icon\">$<\/span> <\/span><\/div>\n\t\t\t\t<\/div>\n\t\t\t<\/div>Leasing is the best solution for new &amp; used car or other assets. Get StartedLeasing is the best solution for new &amp; used car or other assets. Get StartedLeasing is the best solution for new &amp; used car or other assets. Get Started&nbsp; Get StartedFinancial leasing [&hellip;]<\/p>","protected":false},"author":1,"featured_media":0,"parent":0,"menu_order":0,"comment_status":"closed","ping_status":"closed","template":"","meta":{"_et_pb_use_builder":"on","_et_pb_old_content":"","_et_gb_content_width":"","footnotes":""},"class_list":["post-272024","page","type-page","status-publish","hentry"],"_links":{"self":[{"href":"https:\/\/afinstitution.com\/al\/wp-json\/wp\/v2\/pages\/272024","targetHints":{"allow":["GET"]}}],"collection":[{"href":"https:\/\/afinstitution.com\/al\/wp-json\/wp\/v2\/pages"}],"about":[{"href":"https:\/\/afinstitution.com\/al\/wp-json\/wp\/v2\/types\/page"}],"author":[{"embeddable":true,"href":"https:\/\/afinstitution.com\/al\/wp-json\/wp\/v2\/users\/1"}],"replies":[{"embeddable":true,"href":"https:\/\/afinstitution.com\/al\/wp-json\/wp\/v2\/comments?post=272024"}],"version-history":[{"count":99,"href":"https:\/\/afinstitution.com\/al\/wp-json\/wp\/v2\/pages\/272024\/revisions"}],"predecessor-version":[{"id":278963,"href":"https:\/\/afinstitution.com\/al\/wp-json\/wp\/v2\/pages\/272024\/revisions\/278963"}],"wp:attachment":[{"href":"https:\/\/afinstitution.com\/al\/wp-json\/wp\/v2\/media?parent=272024"}],"curies":[{"name":"wp","href":"https:\/\/api.w.org\/{rel}","templated":true}]}}