{"id":272027,"date":"2020-10-08T10:07:27","date_gmt":"2020-10-08T10:07:27","guid":{"rendered":"https:\/\/infinitdev.com\/restaurant\/?page_id=272027"},"modified":"2021-12-01T15:43:02","modified_gmt":"2021-12-01T15:43:02","slug":"factoring","status":"publish","type":"page","link":"https:\/\/afinstitution.com\/al\/factoring\/","title":{"rendered":"Faktoring"},"content":{"rendered":"<p>[et_pb_section fb_built=&#8221;1&#8243; _builder_version=&#8221;4.6.5&#8243; _module_preset=&#8221;default&#8221; background_color=&#8221;#f1f1f1&#8243; custom_padding=&#8221;0px||0px||false|false&#8221; border_color_all=&#8221;#ffffff&#8221; border_width_right=&#8221;5px&#8221; border_width_left=&#8221;5px&#8221; global_colors_info=&#8221;{}&#8221;][et_pb_row _builder_version=&#8221;4.6.5&#8243; _module_preset=&#8221;default&#8221; width=&#8221;90%&#8221; max_width=&#8221;100%&#8221; custom_padding=&#8221;15px||15px||true|false&#8221; global_colors_info=&#8221;{}&#8221;][et_pb_column type=&#8221;4_4&#8243; _builder_version=&#8221;4.6.5&#8243; _module_preset=&#8221;default&#8221; global_colors_info=&#8221;{}&#8221;][lwp_divi_breadcrumbs link_color=&#8221;#0b4779&#8243; separator_color=&#8221;#00b1af&#8221; current_text_color=&#8221;#e47539&#8243; _builder_version=&#8221;4.6.5&#8243; _module_preset=&#8221;default&#8221; module_font=&#8221;Titillium Web||||||||&#8221; global_colors_info=&#8221;{}&#8221;][\/lwp_divi_breadcrumbs][\/et_pb_column][\/et_pb_row][\/et_pb_section][et_pb_section fb_built=&#8221;1&#8243; _builder_version=&#8221;4.13.1&#8243; _module_preset=&#8221;default&#8221; background_enable_color=&#8221;off&#8221; custom_padding=&#8221;0px||0px||false|false&#8221; top_divider_color=&#8221;#000000&#8243; border_color_all=&#8221;#ffffff&#8221; locked=&#8221;off&#8221; global_colors_info=&#8221;{}&#8221;][et_pb_row _builder_version=&#8221;4.13.1&#8243; _module_preset=&#8221;default&#8221; background_enable_image=&#8221;off&#8221; background_position=&#8221;bottom_center&#8221; width=&#8221;100%&#8221; max_width=&#8221;100%&#8221; custom_padding=&#8221;3px|3px|3px|3px|true|true&#8221; global_colors_info=&#8221;{}&#8221;][et_pb_column type=&#8221;4_4&#8243; _builder_version=&#8221;4.6.5&#8243; _module_preset=&#8221;default&#8221; global_colors_info=&#8221;{}&#8221;][et_pb_cta title=&#8221;Invoice Factoring&#8221; _builder_version=&#8221;4.13.1&#8243; _module_preset=&#8221;default&#8221; header_font=&#8221;Titillium Web|600|||||||&#8221; header_text_color=&#8221;#ffffff&#8221; header_font_size=&#8221;50px&#8221; body_font=&#8221;Titillium Web||||||||&#8221; body_text_color=&#8221;#ffffff&#8221; body_font_size=&#8221;18px&#8221; background_enable_color=&#8221;off&#8221; use_background_color_gradient=&#8221;on&#8221; background_color_gradient_start=&#8221;rgba(11,71,121,0.3)&#8221; background_color_gradient_end=&#8221;rgba(0,0,0,0)&#8221; background_color_gradient_overlays_image=&#8221;on&#8221; background_image=&#8221;https:\/\/afinstitution.com\/wp-content\/uploads\/2020\/10\/Accounts-1.png&#8221; text_orientation=&#8221;left&#8221; width=&#8221;100%&#8221; min_height=&#8221;100%&#8221; custom_margin=&#8221;||||false|false&#8221; custom_padding=&#8221;8vw||8vw||true|false&#8221; header_font_size_tablet=&#8221;40px&#8221; header_font_size_phone=&#8221;30px&#8221; header_font_size_last_edited=&#8221;on|desktop&#8221; body_font_size_tablet=&#8221;16px&#8221; body_font_size_phone=&#8221;&#8221; body_font_size_last_edited=&#8221;on|desktop&#8221; border_width_all=&#8221;2px&#8221; border_color_all=&#8221;#FFFFFF&#8221; global_colors_info=&#8221;{}&#8221; border_color_all__hover_enabled=&#8221;off|hover&#8221; border_color_all__hover=&#8221;#e57539&#8243;]<\/p>\n<p><span>Whether you need more information about factoring services contact us via the application form.<\/span><\/p>\n<p><a href=\"https:\/\/afinstitution.com\/al\/contact-us\/&quot;\/\"><button class=\"home-btn effect-6\"><span>Lexo m\u00eb shum\u00eb<\/span><\/button><\/a><\/p>\n<p>[\/et_pb_cta][\/et_pb_column][\/et_pb_row][\/et_pb_section][et_pb_section fb_built=&#8221;1&#8243; _builder_version=&#8221;4.6.5&#8243; _module_preset=&#8221;default&#8221; custom_padding=&#8221;8vw||0vw||false|false&#8221; top_divider_style=&#8221;mountains2&#8243; top_divider_color=&#8221;#f1f1f1&#8243; top_divider_height=&#8221;200px&#8221; global_colors_info=&#8221;{}&#8221;][et_pb_row _builder_version=&#8221;4.6.5&#8243; _module_preset=&#8221;default&#8221; background_enable_color=&#8221;off&#8221; custom_padding=&#8221;0px||0px||false|false&#8221; global_colors_info=&#8221;{}&#8221;][et_pb_column type=&#8221;4_4&#8243; _builder_version=&#8221;4.6.5&#8243; _module_preset=&#8221;default&#8221; global_colors_info=&#8221;{}&#8221;][et_pb_cta title=&#8221;What is Factoring&#8221; _builder_version=&#8221;4.6.6&#8243; _module_preset=&#8221;default&#8221; header_font=&#8221;Titillium Web|600|||||||&#8221; header_text_color=&#8221;#0b4779&#8243; header_font_size=&#8221;50px&#8221; header_line_height=&#8221;1.7em&#8221; body_font=&#8221;Titillium Web||||||||&#8221; body_text_color=&#8221;#0b4779&#8243; body_font_size=&#8221;18px&#8221; body_line_height=&#8221;1.8em&#8221; body_ul_type=&#8221;circle&#8221; body_ul_position=&#8221;inside&#8221; body_ul_font=&#8221;Titillium Web||||||||&#8221; body_ul_text_color=&#8221;#e47539&#8243; background_enable_color=&#8221;off&#8221; background_enable_image=&#8221;off&#8221; background_position=&#8221;center_right&#8221; text_orientation=&#8221;left&#8221; custom_margin=&#8221;||||false|false&#8221; custom_padding=&#8221;0px|0px|0px|0px|false|true&#8221; header_font_size_tablet=&#8221;40px&#8221; header_font_size_phone=&#8221;30px&#8221; header_font_size_last_edited=&#8221;on|desktop&#8221; body_font_size_tablet=&#8221;16px&#8221; body_font_size_phone=&#8221;&#8221; body_font_size_last_edited=&#8221;on|phone&#8221; border_color_all=&#8221;#ffffff&#8221; locked=&#8221;off&#8221; global_colors_info=&#8221;{}&#8221; border_color_all__hover_enabled=&#8221;off|hover&#8221; border_color_all__hover=&#8221;#e57539&#8243;]<\/p>\n<p><span>Faktoring-u \u00ebsht\u00eb nj\u00eb sh\u00ebrbim financiar afatshkurt\u00ebr q\u00eb i ofrohet nj\u00eb kompanie (furnitorit t\u00eb produktit apo sh\u00ebrbimit) bazuar mbi shitjen e llogarive t\u00eb ark\u00ebtueshme t\u00eb saj me nj\u00eb \u00e7mim t\u00eb reduktuar tek nj\u00eb kompani\ne cila quhet Faktor. Faktoring-u p\u00ebrdoret kryesisht nga bizneset p\u00ebr t\u00eb p\u00ebrmir\u00ebsuar qarkullimin e paras\u00eb, por mund t\u00eb p\u00ebrdoret gjithashtu edhe p\u00ebr t\u00eb ulur shpenzimet e tep\u00ebrta n\u00eb administrim.<\/span><\/p>\n<p>N\u00eb m\u00ebnyr\u00eb q\u00eb t\u00eb kualifikohet p\u00ebr nj\u00eb transaksion faktoring-u, p\u00ebrftuesi i faktoring-ut (Furnitori) duhet t\u00eb operoj\u00eb n\u00eb terma kreditimi me klient\u00ebt e tij. Furnitori dhe Debitori jan\u00eb subjekt i analiz\u00ebs s\u00eb riskut nga Faktori, n\u00eb m\u00ebnyr\u00eb q\u00eb ky i fundit t\u00eb miratoj\u00eb nj\u00eb limit faktoring. Faktoring-u \u00ebsht\u00eb blerja dhe financimi i llogarive t\u00eb ark\u00ebtueshme e shoq\u00ebruar me sh\u00ebrbimet e administrimit t\u00eb llogarive t\u00eb ark\u00ebtueshme, ark\u00ebtimit dhe\nk\u00ebshillimit.<\/p>\n<p>[\/et_pb_cta][\/et_pb_column][\/et_pb_row][\/et_pb_section][et_pb_section fb_built=&#8221;1&#8243; _builder_version=&#8221;4.6.5&#8243; _module_preset=&#8221;default&#8221; background_enable_image=&#8221;off&#8221; background_size=&#8221;initial&#8221; background_position=&#8221;top_right&#8221; custom_padding=&#8221;8vw||8vw||true|false&#8221; global_colors_info=&#8221;{}&#8221;][et_pb_row _builder_version=&#8221;4.6.5&#8243; _module_preset=&#8221;default&#8221; custom_padding=&#8221;||2vw||false|false&#8221; global_colors_info=&#8221;{}&#8221;][et_pb_column type=&#8221;4_4&#8243; _builder_version=&#8221;4.6.5&#8243; _module_preset=&#8221;default&#8221; global_colors_info=&#8221;{}&#8221;][et_pb_text _builder_version=&#8221;4.6.6&#8243; _module_preset=&#8221;default&#8221; text_font=&#8221;Titillium Web|600|||||||&#8221; text_text_color=&#8221;#0b4779&#8243; text_font_size=&#8221;50px&#8221; text_font_size_tablet=&#8221;40px&#8221; text_font_size_phone=&#8221;30px&#8221; text_font_size_last_edited=&#8221;on|phone&#8221; text_orientation_tablet=&#8221;left&#8221; text_orientation_last_edited=&#8221;off|desktop&#8221; global_colors_info=&#8221;{}&#8221;]<\/p>\n<p class=\"faqs__heading pb-5\" tabindex=\"0\">Pyetje t\u00eb shpeshta<\/p>\n<p>[\/et_pb_text][\/et_pb_column][\/et_pb_row][et_pb_row column_structure=&#8221;1_2,1_2&#8243; _builder_version=&#8221;4.6.5&#8243; _module_preset=&#8221;default&#8221; global_colors_info=&#8221;{}&#8221;][et_pb_column type=&#8221;1_2&#8243; _builder_version=&#8221;4.6.5&#8243; _module_preset=&#8221;default&#8221; global_colors_info=&#8221;{}&#8221;][et_pb_toggle title=&#8221;Factoring Concept&#8221; open_toggle_text_color=&#8221;#e47539&#8243; open_toggle_background_color=&#8221;#ffffff&#8221; closed_toggle_background_color=&#8221;#ffffff&#8221; icon_color=&#8221;#00b1af&#8221; use_icon_font_size=&#8221;on&#8221; icon_font_size=&#8221;26px&#8221; open_icon_color=&#8221;#00b1af&#8221; open_use_icon_font_size=&#8221;on&#8221; open_icon_font_size=&#8221;26px&#8221; _builder_version=&#8221;4.13.1&#8243; _module_preset=&#8221;default&#8221; title_text_color=&#8221;#e47539&#8243; title_font=&#8221;Titillium Web||||||||&#8221; title_text_align=&#8221;left&#8221; title_font_size=&#8221;25px&#8221; body_font=&#8221;Titillium Web||||||||&#8221; body_text_align=&#8221;justify&#8221; body_text_color=&#8221;#0b4779&#8243; body_font_size=&#8221;18px&#8221; title_font_size_tablet=&#8221;23px&#8221; title_font_size_phone=&#8221;22px&#8221; title_font_size_last_edited=&#8221;on|phone&#8221; border_width_all=&#8221;0px&#8221; border_width_bottom=&#8221;1px&#8221; border_color_bottom=&#8221;#00b1af&#8221; global_colors_info=&#8221;{}&#8221;]<\/p>\n<ul>\n<li>Faktoringu \u00ebsht\u00eb nj\u00eb sh\u00ebrbim financiar afatshkurt\u00ebr q\u00eb i ofrohet nj\u00eb kompanie (furnitorit t\u00eb produktit apo sh\u00ebrbimit) bazuar mbi shitjen e llogarive t\u00eb ark\u00ebtueshme t\u00eb saj me nj\u00eb \u00e7mim t\u00eb reduktuar tek nj\u00eb kompani e cila quhet Faktor;<\/li>\n<li>Faktoring-u p\u00ebrdoret kryesisht nga bizneset p\u00ebr t\u00eb p\u00ebrmir\u00ebsuar qarkullimin e paras\u00eb, por mund t\u00eb p\u00ebrdoret gjithashtu edhe p\u00ebr t\u00eb ulur shpenzimet e tep\u00ebrta n\u00eb administrim. N\u00eb m\u00ebnyr\u00eb q\u00eb t\u00eb kualifikohet p\u00ebr nj\u00eb transaksion faktoring-u, p\u00ebrftuesi i faktoring-ut (Furnitori) duhet t\u00eb operoj\u00eb n\u00eb terma kreditimi me klient\u00ebt e tij;<\/li>\n<li>Furnitori dhe Debitori jan\u00eb subjekt i analiz\u00ebs s\u00eb riskut nga Faktori, n\u00eb m\u00ebnyr\u00eb q\u00eb ky i fundit t\u00eb miratoj\u00eb nj\u00eb limit faktoring;<\/li>\n<li>Faktoring-u \u00ebsht\u00eb blerja dhe financimi i llogarive t\u00eb ark\u00ebtueshme e shoq\u00ebruar me sh\u00ebrbimet e administrimit t\u00eb llogarive t\u00eb ark\u00ebtueshme, ark\u00ebtimit dhe k\u00ebshillimit;<\/li>\n<\/ul>\n<p>[\/et_pb_toggle][et_pb_toggle title=&#8221;Type of Factoring Services&#8221; open_toggle_text_color=&#8221;#e47539&#8243; open_toggle_background_color=&#8221;#ffffff&#8221; closed_toggle_background_color=&#8221;#ffffff&#8221; icon_color=&#8221;#00b1af&#8221; use_icon_font_size=&#8221;on&#8221; icon_font_size=&#8221;26px&#8221; open_icon_color=&#8221;#00b1af&#8221; open_use_icon_font_size=&#8221;on&#8221; open_icon_font_size=&#8221;26px&#8221; _builder_version=&#8221;4.13.0&#8243; _module_preset=&#8221;default&#8221; title_text_color=&#8221;#e47539&#8243; title_font=&#8221;Titillium Web||||||||&#8221; title_text_align=&#8221;left&#8221; title_font_size=&#8221;25px&#8221; body_font=&#8221;Titillium Web||||||||&#8221; body_text_align=&#8221;justify&#8221; body_text_color=&#8221;#0b4779&#8243; body_font_size=&#8221;18px&#8221; title_font_size_tablet=&#8221;23px&#8221; title_font_size_phone=&#8221;22px&#8221; title_font_size_last_edited=&#8221;on|phone&#8221; border_width_all=&#8221;0px&#8221; border_width_bottom=&#8221;1px&#8221; border_color_bottom=&#8221;#00b1af&#8221; global_colors_info=&#8221;{}&#8221;]<\/p>\n<p><strong>Faktoringu Vendas<\/strong><br \/> <span>P\u00ebrdoret mes pal\u00ebve brenda nj\u00eb v\u00ebndi.<\/span><\/p>\n<p><strong>Import \/ Eksport i Faktoringut<\/strong><br \/> <span>P\u00ebrdoret nd\u00ebrmjet partive jasht\u00eb vendit.<\/span><\/p>\n<p><strong>Faktoringu Nd\u00ebrkomb\u00ebtar<\/strong><br \/> <span>P\u00ebrdoret ne marrdh\u00ebniet mes pal\u00ebve jasht\u00eb territorit. N\u00eb k\u00ebt\u00eb rast faktori lidhet me nj\u00eb\nfaktor korespondues n\u00eb v\u00ebndin e huaj.<\/span><\/p>\n<p><strong>Faktoringu n\u00eb sektorin public<\/strong><br \/> <span>P\u00ebrdoret n\u00eb rastet kur debitori \u00ebsht\u00eb nj\u00eb entitet publik.<\/span><\/p>\n<p><strong>Faktoringu indirekt<\/strong><br \/> <span>Faktoring i furnitor\u00ebve.<\/span><\/p>\n<p>[\/et_pb_toggle][et_pb_toggle title=&#8221;Factoring Products&#8221; open_toggle_text_color=&#8221;#e47539&#8243; open_toggle_background_color=&#8221;#ffffff&#8221; closed_toggle_background_color=&#8221;#ffffff&#8221; icon_color=&#8221;#00b1af&#8221; use_icon_font_size=&#8221;on&#8221; icon_font_size=&#8221;26px&#8221; open_icon_color=&#8221;#00b1af&#8221; open_use_icon_font_size=&#8221;on&#8221; open_icon_font_size=&#8221;26px&#8221; _builder_version=&#8221;4.13.0&#8243; _module_preset=&#8221;default&#8221; title_text_color=&#8221;#e47539&#8243; title_font=&#8221;Titillium Web||||||||&#8221; title_text_align=&#8221;left&#8221; title_font_size=&#8221;25px&#8221; body_font=&#8221;Titillium Web||||||||&#8221; body_text_align=&#8221;justify&#8221; body_text_color=&#8221;#0b4779&#8243; body_font_size=&#8221;18px&#8221; title_font_size_tablet=&#8221;23px&#8221; title_font_size_phone=&#8221;22px&#8221; title_font_size_last_edited=&#8221;on|phone&#8221; border_width_all=&#8221;0px&#8221; border_width_bottom=&#8221;1px&#8221; border_color_bottom=&#8221;#00b1af&#8221; global_colors_info=&#8221;{}&#8221;]<\/p>\n<ul>\n<li><strong>Zinxhiri i furnizimit faktoring<\/strong>ku faktori blen t\u00eb ark\u00ebtueshmet e furnitorit me br\u00ebnd\u00ebsi strategjike p\u00ebr Bler\u00ebsin, bazuar n\u00eb Marr\u00ebveshjen e Bashk\u00ebpunimit nd\u00ebrmjet Bler\u00ebsit dhe Faktorit;<\/li>\n<\/ul>\n<ul>\n<li><strong>Faktoring i balanc\u00ebs<\/strong>nj\u00eb produkt i zhvilluar p\u00ebr klient\u00ebt q\u00eb punojn\u00eb me struktur\u00ebn e aktiveve dhe detyrimeve;<\/li>\n<\/ul>\n<ul>\n<li><strong>Faktoringu i biznesit t\u00eb vog\u00ebl<\/strong>\u00ebsht\u00eb kryesisht i fokusuar tek klient\u00ebt me qarkullim m\u00eb t\u00eb ul\u00ebt me d\u00ebrgesa t\u00eb rregullta p\u00ebr bler\u00ebsit e p\u00ebrzgjedhur n\u00eb v\u00ebllime m\u00eb t\u00eb ul\u00ebta.<\/li>\n<\/ul>\n<p>[\/et_pb_toggle][et_pb_toggle title=&#8221;Recourse Factoring&#8221; open_toggle_text_color=&#8221;#e47539&#8243; open_toggle_background_color=&#8221;#ffffff&#8221; closed_toggle_background_color=&#8221;#ffffff&#8221; icon_color=&#8221;#00b1af&#8221; use_icon_font_size=&#8221;on&#8221; icon_font_size=&#8221;26px&#8221; open_icon_color=&#8221;#00b1af&#8221; open_use_icon_font_size=&#8221;on&#8221; open_icon_font_size=&#8221;26px&#8221; _builder_version=&#8221;4.13.0&#8243; _module_preset=&#8221;default&#8221; title_text_color=&#8221;#e47539&#8243; title_font=&#8221;Titillium Web||||||||&#8221; title_text_align=&#8221;left&#8221; title_font_size=&#8221;25px&#8221; body_font=&#8221;Titillium Web||||||||&#8221; body_text_align=&#8221;justify&#8221; body_text_color=&#8221;#0b4779&#8243; body_font_size=&#8221;18px&#8221; title_font_size_tablet=&#8221;23px&#8221; title_font_size_phone=&#8221;22px&#8221; title_font_size_last_edited=&#8221;on|phone&#8221; border_width_all=&#8221;0px&#8221; border_width_bottom=&#8221;1px&#8221; border_color_bottom=&#8221;#00b1af&#8221; global_colors_info=&#8221;{}&#8221;]<\/p>\n<ul>\n<li>Norma e skontimit\u2013 20% mbi vler\u00ebn nominale t\u00eb fatur\u00ebs<\/li>\n<li>Komisioni i adminsitrimit\u2013 0.5% mbi vler\u00ebn nominale t\u00eb cdo fature<\/li>\n<li>Interes \u2013 min 0.9%-max 1% mujor (Interesi llogaritet me baz\u00eb ditore dhe zbritet nga cmimi n\u00eb momentin e pages\u00ebs nga faktori tek furnitori)<\/li>\n<li>Monedha \u2013 EUR, ALL, USD<\/li>\n<\/ul>\n<p>[\/et_pb_toggle][\/et_pb_column][et_pb_column type=&#8221;1_2&#8243; _builder_version=&#8221;4.6.5&#8243; _module_preset=&#8221;default&#8221; global_colors_info=&#8221;{}&#8221;][et_pb_toggle title=&#8221;Operational Procedure of Factoring&#8221; open_toggle_text_color=&#8221;#e47539&#8243; open_toggle_background_color=&#8221;#ffffff&#8221; closed_toggle_background_color=&#8221;#ffffff&#8221; icon_color=&#8221;#00b1af&#8221; use_icon_font_size=&#8221;on&#8221; icon_font_size=&#8221;26px&#8221; open_icon_color=&#8221;#00b1af&#8221; open_use_icon_font_size=&#8221;on&#8221; open_icon_font_size=&#8221;26px&#8221; _builder_version=&#8221;4.13.0&#8243; _module_preset=&#8221;default&#8221; title_text_color=&#8221;#e47539&#8243; title_font=&#8221;Titillium Web||||||||&#8221; title_text_align=&#8221;left&#8221; title_font_size=&#8221;25px&#8221; body_font=&#8221;Titillium Web||||||||&#8221; body_text_align=&#8221;justify&#8221; body_text_color=&#8221;#0b4779&#8243; body_font_size=&#8221;18px&#8221; title_font_size_tablet=&#8221;23px&#8221; title_font_size_phone=&#8221;22px&#8221; title_font_size_last_edited=&#8221;on|phone&#8221; border_width_all=&#8221;0px&#8221; border_width_bottom=&#8221;1px&#8221; border_color_bottom=&#8221;#00b1af&#8221; global_colors_info=&#8221;{}&#8221;]<\/p>\n<ul>\n<li>Ju l\u00ebshoni fatur\u00ebn tatimore p\u00ebr Klientin tuaj p\u00ebr furnizim me produkte\/sh\u00ebrbime;<\/li>\n<li>Fatura pranohet nga klienti pa ankesa ose rikuperime p\u00ebr mallrat ose sh\u00ebrbimet;<\/li>\n<li>Kopja origjinale e fatur\u00ebs tatimore t\u00eb k\u00ebtij furnizimi i kalon Faktorit, i cili sh\u00ebnon vul\u00ebn e faktoringut;<\/li>\n<li>Faktori financon vler\u00ebn e fatur\u00ebs tatimore ME TVSH sipas p\u00ebrqindjes s\u00eb dakort\u00ebsuar minus tarif\u00ebn e faktoring-ut;<\/li>\n<li>Faktori ark\u00ebton vler\u00ebn e plot\u00eb t\u00eb fatur\u00ebs me TVSH nga klienti pas p\u00ebrfundimit t\u00eb afatit t\u00eb maturimit, duke ju rimbursuar diferenc\u00ebn e mbajtur paraprakisht si garanci.<\/li>\n<\/ul>\n<p>[\/et_pb_toggle][et_pb_toggle title=&#8221;Tariff Methods&#8221; open_toggle_text_color=&#8221;#e47539&#8243; open_toggle_background_color=&#8221;#ffffff&#8221; closed_toggle_background_color=&#8221;#ffffff&#8221; icon_color=&#8221;#00b1af&#8221; use_icon_font_size=&#8221;on&#8221; icon_font_size=&#8221;26px&#8221; open_icon_color=&#8221;#00b1af&#8221; open_use_icon_font_size=&#8221;on&#8221; open_icon_font_size=&#8221;26px&#8221; _builder_version=&#8221;4.13.0&#8243; _module_preset=&#8221;default&#8221; title_text_color=&#8221;#e47539&#8243; title_font=&#8221;Titillium Web||||||||&#8221; title_text_align=&#8221;left&#8221; title_font_size=&#8221;25px&#8221; body_font=&#8221;Titillium Web||||||||&#8221; body_text_align=&#8221;justify&#8221; body_text_color=&#8221;#0b4779&#8243; body_font_size=&#8221;18px&#8221; title_font_size_tablet=&#8221;23px&#8221; title_font_size_phone=&#8221;22px&#8221; title_font_size_last_edited=&#8221;on|phone&#8221; border_width_all=&#8221;0px&#8221; border_width_bottom=&#8221;1px&#8221; border_color_bottom=&#8221;#00b1af&#8221; global_colors_info=&#8221;{}&#8221;]<\/p>\n<p><span>Ekzistojn\u00eb dy m\u00ebnyra baz\u00eb p\u00ebr tarifimin e produktit t\u00eb detajuar si m\u00eb posht\u00eb:<\/span><\/p>\n<p><strong>Metoda E Fatur\u00ebs me zbritje<\/strong><span><\/span><br \/> <span>Kjo metod\u00eb aplikon nj\u00eb norm\u00eb fikse mbi vler\u00ebn e fatur\u00ebs referuar dit\u00ebve deri n\u00eb ark\u00ebtim t\u00eb fatur\u00ebs. Psh 30 dit\u00ebt e para t\u00eb fatur\u00ebs debitore nj\u00eb norm\u00eb fikse dhe nj\u00eb norm\u00eb tjet\u00ebr p\u00ebr tejkalim mbi k\u00ebt\u00eb afat 10-15 dit\u00eb. Kjo norm\u00eb aplikohet zakonisht p\u00ebr biznese me volume t\u00eb vogla dhe t\u00eb shpeshta faturash.<\/span><\/p>\n<p><strong>Metoda me Norm\u00eb Interesi<\/strong><span><\/span><br \/> <span>Faktori q\u00eb p\u00ebrdor k\u00ebt\u00eb metod\u00eb tarifimi kuoton si m\u00eb posht\u00eb:<\/span><\/p>\n<ul>\n<li>Komision faktoring-u i cili aplikohet n\u00eb p\u00ebrqindje mbi vler\u00eb fature;<\/li>\n<li>Komisioni Administrativ i aplikuar p\u00ebr vler\u00ebn e financimit<\/li>\n<li>Norma e interesit p\u00ebr \u00e7do shum\u00eb t\u00eb faturave q\u00eb llogaritet n\u00eb bilancin e debitit;<\/li>\n<\/ul>\n<p>[\/et_pb_toggle][et_pb_toggle title=&#8221;Advantages of Factoring&#8221; open_toggle_text_color=&#8221;#e47539&#8243; open_toggle_background_color=&#8221;#ffffff&#8221; closed_toggle_background_color=&#8221;#ffffff&#8221; icon_color=&#8221;#00b1af&#8221; use_icon_font_size=&#8221;on&#8221; icon_font_size=&#8221;26px&#8221; open_icon_color=&#8221;#00b1af&#8221; open_use_icon_font_size=&#8221;on&#8221; open_icon_font_size=&#8221;26px&#8221; _builder_version=&#8221;4.13.0&#8243; _module_preset=&#8221;default&#8221; title_text_color=&#8221;#e47539&#8243; title_font=&#8221;Titillium Web||||||||&#8221; title_text_align=&#8221;left&#8221; title_font_size=&#8221;25px&#8221; body_font=&#8221;Titillium Web||||||||&#8221; body_text_align=&#8221;justify&#8221; body_text_color=&#8221;#0b4779&#8243; body_font_size=&#8221;18px&#8221; title_font_size_tablet=&#8221;23px&#8221; title_font_size_phone=&#8221;22px&#8221; title_font_size_last_edited=&#8221;on|phone&#8221; border_width_all=&#8221;0px&#8221; border_width_bottom=&#8221;1px&#8221; border_color_bottom=&#8221;#00b1af&#8221; global_colors_info=&#8221;{}&#8221;]<\/p>\n<ul>\n<li>P\u00ebrfituesi mund t\u00eb afroj\u00eb afatin midis dat\u00ebs s\u00eb furnizimit t\u00eb mallrave\/sh\u00ebrbimeve dhe mbledhjes s\u00eb pagesave, duke ulur nivelin e llogarive t\u00eb ark\u00ebtueshme, si edhe t\u00eb p\u00ebrmir\u00ebsoj\u00eb qarkullimin e paras\u00eb dhe likuiditetin;<\/li>\n<li>Fondet e kaluara tek Furnitori n\u00ebp\u00ebrmjet faktoring-ut mund t\u00eb p\u00ebrdoren sipas nevoj\u00ebs s\u00eb tij, pasi nuk \u00ebsht\u00eb i nevojsh\u00ebm deklarimi i destinacionit t\u00eb p\u00ebrdorimit t\u00eb fondeve, nj\u00eb kusht ky p\u00ebr disa produkte bankare;<\/li>\n<li>Duke p\u00ebrdorur faktoring-un, p\u00ebrfituesi i faktoring-ut mund t\u00eb p\u00ebrmir\u00ebsoj\u00eb aktivitetin dhe optimizoj\u00eb termat nga furnitor\u00ebt e tij n\u00eb rast pagesash paraprake, p\u00ebr shkak t\u00eb qarkullimit t\u00eb lir\u00eb t\u00eb paras\u00eb si rrjedhoj\u00eb e faktoring-ut;<\/li>\n<li>Financimi n\u00eb faktoring bazohet kryesisht mbi cil\u00ebsin\u00eb e t\u00eb ark\u00ebtueshmeve dhe jo mbi cil\u00ebsin\u00eb e furnitorit dhe balanc\u00ebs s\u00eb tij financiare;<\/li>\n<li>Shuma e financimit t\u00eb ofruar p\u00ebrshtatet plot\u00ebsisht me volumin e transaksioneve t\u00eb kryera me klient\u00ebt\/debitor\u00ebt.<\/li>\n<li>Mund t\u00eb financohet gjithmon\u00eb nj\u00eb fatur\u00eb sa her\u00eb q\u00eb nevojiten fonde. Faktoringu ndihmon n\u00eb marrjen e klient\u00ebve t\u00eb rinj dhe nxitjen e biznesit.<\/li>\n<li>Kualifikimi p\u00ebr faktoring \u00ebsht\u00eb relativisht i leht\u00eb dhe mund t\u00eb b\u00ebhet shpejt. Kjo e b\u00ebn faktorizimin nj\u00eb alternativ\u00eb ideale p\u00ebr kompanit\u00eb e reja dhe n\u00eb rritje me munges\u00eb t\u00eb\nfluksit t\u00eb paras\u00eb.<\/li>\n<li>Faktoringu nuk k\u00ebrkon kolateral si garanci p\u00ebr financim.<\/li>\n<\/ul>\n<p>[\/et_pb_toggle][\/et_pb_column][\/et_pb_row][\/et_pb_section][et_pb_section fb_built=&#8221;1&#8243; _builder_version=&#8221;4.6.5&#8243; _module_preset=&#8221;default&#8221; background_enable_color=&#8221;off&#8221; custom_padding=&#8221;0vw||8vw||false|false&#8221; global_colors_info=&#8221;{}&#8221;][et_pb_row _builder_version=&#8221;4.6.6&#8243; _module_preset=&#8221;default&#8221; background_enable_color=&#8221;off&#8221; animation_direction=&#8221;top&#8221; box_shadow_style=&#8221;preset1&#8243; box_shadow_blur=&#8221;10px&#8221; global_colors_info=&#8221;{}&#8221;][et_pb_column type=&#8221;4_4&#8243; _builder_version=&#8221;4.6.5&#8243; _module_preset=&#8221;default&#8221; global_colors_info=&#8221;{}&#8221;][et_pb_image src=&#8221;https:\/\/afinstitution.com\/wp-content\/uploads\/2021\/12\/SkemaFactoring.png&#8221; _builder_version=&#8221;4.14.2&#8243; _module_preset=&#8221;default&#8221; title_text=&#8221;SkemaFactoring&#8221; hover_enabled=&#8221;0&#8243; sticky_enabled=&#8221;0&#8243;][\/et_pb_image][\/et_pb_column][\/et_pb_row][\/et_pb_section]<\/p>","protected":false},"excerpt":{"rendered":"<p><div class=\"et_pb_module lwp_divi_breadcrumbs lwp_divi_breadcrumbs_0\">\n\t\t\t\t\n\t\t\t\t\n\t\t\t\t\n\t\t\t\t\n\t\t\t\t\n\t\t\t\t\n\t\t\t\t<div class=\"et_pb_module_inner\">\n\t\t\t\t\t<div class=\"lwp-breadcrumbs\"> <span class=\"before\"><\/span> <span vocab=\"https:\/\/schema.org\/\" typeof=\"BreadcrumbList\"><span property=\"itemListElement\" typeof=\"ListItem\"><a property=\"item\" typeof=\"WebPage\" href=\"https:\/\/afinstitution.com\/al\/\" class=\"home\"><span property=\"name\">Kreu<\/span><\/a><meta property=\"position\" content=\"1\"><\/span> <span class=\"separator et-pb-icon\">&#x39;<\/span> <\/span><\/div>\n\t\t\t\t<\/div>\n\t\t\t<\/div>Whether you need more information about factoring services contact us via the application form. Get StartedFactoring is a short-term financial instrument offered to a company (a product\/service provider) based on the sale of its receivables at a discounted price to a company called the Factor. Factoring is [&hellip;]<\/p>","protected":false},"author":1,"featured_media":0,"parent":0,"menu_order":0,"comment_status":"closed","ping_status":"closed","template":"","meta":{"_et_pb_use_builder":"on","_et_pb_old_content":"","_et_gb_content_width":"","footnotes":""},"class_list":["post-272027","page","type-page","status-publish","hentry"],"_links":{"self":[{"href":"https:\/\/afinstitution.com\/al\/wp-json\/wp\/v2\/pages\/272027","targetHints":{"allow":["GET"]}}],"collection":[{"href":"https:\/\/afinstitution.com\/al\/wp-json\/wp\/v2\/pages"}],"about":[{"href":"https:\/\/afinstitution.com\/al\/wp-json\/wp\/v2\/types\/page"}],"author":[{"embeddable":true,"href":"https:\/\/afinstitution.com\/al\/wp-json\/wp\/v2\/users\/1"}],"replies":[{"embeddable":true,"href":"https:\/\/afinstitution.com\/al\/wp-json\/wp\/v2\/comments?post=272027"}],"version-history":[{"count":63,"href":"https:\/\/afinstitution.com\/al\/wp-json\/wp\/v2\/pages\/272027\/revisions"}],"predecessor-version":[{"id":278957,"href":"https:\/\/afinstitution.com\/al\/wp-json\/wp\/v2\/pages\/272027\/revisions\/278957"}],"wp:attachment":[{"href":"https:\/\/afinstitution.com\/al\/wp-json\/wp\/v2\/media?parent=272027"}],"curies":[{"name":"wp","href":"https:\/\/api.w.org\/{rel}","templated":true}]}}