{"id":272044,"date":"2020-10-08T12:15:04","date_gmt":"2020-10-08T12:15:04","guid":{"rendered":"https:\/\/infinitdev.com\/restaurant\/?page_id=272044"},"modified":"2021-12-02T11:29:32","modified_gmt":"2021-12-02T11:29:32","slug":"company","status":"publish","type":"page","link":"https:\/\/afinstitution.com\/al\/company\/","title":{"rendered":"Shoq\u00ebria"},"content":{"rendered":"<p>[et_pb_section fb_built=&#8221;1&#8243; _builder_version=&#8221;4.6.5&#8243; _module_preset=&#8221;default&#8221; background_color=&#8221;#f1f1f1&#8243; custom_padding=&#8221;0px||0px||false|false&#8221; border_color_all=&#8221;#ffffff&#8221; border_width_right=&#8221;5px&#8221; border_width_left=&#8221;5px&#8221; locked=&#8221;off&#8221; global_colors_info=&#8221;{}&#8221;][et_pb_row _builder_version=&#8221;4.6.5&#8243; _module_preset=&#8221;default&#8221; width=&#8221;90%&#8221; max_width=&#8221;100%&#8221; custom_padding=&#8221;15px||15px||true|false&#8221; global_colors_info=&#8221;{}&#8221;][et_pb_column type=&#8221;4_4&#8243; _builder_version=&#8221;4.6.5&#8243; _module_preset=&#8221;default&#8221; global_colors_info=&#8221;{}&#8221;][lwp_divi_breadcrumbs link_color=&#8221;#0b4779&#8243; separator_color=&#8221;#00b1af&#8221; current_text_color=&#8221;#e47539&#8243; _builder_version=&#8221;4.6.5&#8243; _module_preset=&#8221;default&#8221; module_font=&#8221;Titillium Web||||||||&#8221; global_colors_info=&#8221;{}&#8221;][\/lwp_divi_breadcrumbs][\/et_pb_column][\/et_pb_row][\/et_pb_section][et_pb_section fb_built=&#8221;1&#8243; _builder_version=&#8221;4.6.5&#8243; _module_preset=&#8221;default&#8221; background_enable_color=&#8221;off&#8221; custom_padding=&#8221;0px||0px||false|false&#8221; locked=&#8221;off&#8221; global_colors_info=&#8221;{}&#8221;][et_pb_row _builder_version=&#8221;4.6.5&#8243; _module_preset=&#8221;default&#8221; width=&#8221;100%&#8221; max_width=&#8221;100%&#8221; custom_padding=&#8221;3px|3px|3px|3px|true|true&#8221; global_colors_info=&#8221;{}&#8221;][et_pb_column type=&#8221;4_4&#8243; _builder_version=&#8221;4.6.5&#8243; _module_preset=&#8221;default&#8221; global_colors_info=&#8221;{}&#8221;][et_pb_cta title=&#8221;About Us&#8221; _builder_version=&#8221;4.14.2&#8243; _module_preset=&#8221;default&#8221; header_font=&#8221;Titillium Web|600|||||||&#8221; header_font_size=&#8221;50px&#8221; body_font=&#8221;Titillium Web||||||||&#8221; body_font_size=&#8221;18px&#8221; background_image=&#8221;https:\/\/afinstitution.com\/wp-content\/uploads\/2020\/10\/AboutUs.png&#8221; text_orientation=&#8221;left&#8221; width=&#8221;100%&#8221; min_height=&#8221;100%&#8221; custom_margin=&#8221;||||false|false&#8221; custom_padding=&#8221;8vw||8vw||true|false&#8221; header_font_size_tablet=&#8221;40px&#8221; header_font_size_phone=&#8221;30px&#8221; header_font_size_last_edited=&#8221;on|desktop&#8221; body_font_size_tablet=&#8221;16px&#8221; body_font_size_phone=&#8221;&#8221; body_font_size_last_edited=&#8221;on|desktop&#8221; border_width_all=&#8221;2px&#8221; border_color_all=&#8221;#ffffff&#8221; global_colors_info=&#8221;{}&#8221; border_color_all__hover_enabled=&#8221;off|hover&#8221; border_color_all__hover=&#8221;#e57539&#8243;]<\/p>\n<p><span><\/span><\/p>\n<p><a href=\"https:\/\/afinstitution.com\/al\/get-started\/\"><button class=\"home-btn effect-6\"><span>Lexo m\u00eb shum\u00eb<\/span><\/button><\/a><\/p>\n<p>[\/et_pb_cta][\/et_pb_column][\/et_pb_row][\/et_pb_section][et_pb_section fb_built=&#8221;1&#8243; _builder_version=&#8221;4.6.5&#8243; _module_preset=&#8221;default&#8221; background_enable_color=&#8221;off&#8221; background_enable_image=&#8221;off&#8221; background_size=&#8221;contain&#8221; background_position=&#8221;bottom_right&#8221; custom_padding=&#8221;8vw||0px||false|false&#8221; top_divider_style=&#8221;mountains2&#8243; top_divider_color=&#8221;#f1f1f1&#8243; top_divider_height=&#8221;200px&#8221; background_last_edited=&#8221;off|desktop&#8221; background_image_tablet=&#8221;https:\/\/infinitdev.com\/restaurant\/wp-content\/uploads\/2020\/10\/right-a.png&#8221; background_enable_image_tablet=&#8221;on&#8221; global_colors_info=&#8221;{}&#8221; background__hover_enabled=&#8221;off|desktop&#8221; title_text_tablet=&#8221;right-a&#8221;][et_pb_row _builder_version=&#8221;4.6.5&#8243; _module_preset=&#8221;default&#8221; custom_padding=&#8221;0px||0px|||&#8221; locked=&#8221;off&#8221; global_colors_info=&#8221;{}&#8221;][et_pb_column type=&#8221;4_4&#8243; _builder_version=&#8221;4.6.5&#8243; _module_preset=&#8221;default&#8221; global_colors_info=&#8221;{}&#8221;][et_pb_cta title=&#8221;Who we are and where we\u2019re going&#8221; _builder_version=&#8221;4.14.2&#8243; _module_preset=&#8221;default&#8221; header_font=&#8221;Titillium Web|600|||||||&#8221; header_text_color=&#8221;#0b4779&#8243; header_font_size=&#8221;50px&#8221; header_line_height=&#8221;1.7em&#8221; body_font=&#8221;Titillium Web||||||||&#8221; body_text_color=&#8221;#0b4779&#8243; body_font_size=&#8221;18px&#8221; body_line_height=&#8221;1.8em&#8221; body_ul_position=&#8221;inside&#8221; body_ul_font=&#8221;Titillium Web||||||||&#8221; body_ul_text_color=&#8221;#0b4779&#8243; background_enable_color=&#8221;off&#8221; background_enable_image=&#8221;off&#8221; background_position=&#8221;center_right&#8221; text_orientation=&#8221;left&#8221; custom_margin=&#8221;||||false|false&#8221; custom_padding=&#8221;0px|0px|0px|0px|false|true&#8221; hover_enabled=&#8221;0&#8243; header_font_size_tablet=&#8221;40px&#8221; header_font_size_phone=&#8221;30px&#8221; header_font_size_last_edited=&#8221;on|desktop&#8221; body_font_size_tablet=&#8221;16px&#8221; body_font_size_phone=&#8221;&#8221; body_font_size_last_edited=&#8221;on|phone&#8221; border_color_all=&#8221;#ffffff&#8221; global_colors_info=&#8221;{}&#8221; border_color_all__hover_enabled=&#8221;off|hover&#8221; border_color_all__hover=&#8221;#e57539&#8243; sticky_enabled=&#8221;0&#8243;]<\/p>\n<p><span>Albanian Financial Institution (AFI) \u00ebsht\u00eb kompani me kapital privat, li\u00e7ensuar nga Banka e Shqip\u00ebris\u00eb si Institucion Financiar Jo-Bank\u00eb me num\u00ebr li\u00e7ense 39 n\u00eb vitin 2016, i cili do t\u00eb ofroj\u00eb<\/span><\/p>\n<ul>\n<li>T\u00eb gjitha format e kredidh\u00ebnies<\/li>\n<li>Qira Financiare (Leasing)<\/li>\n<li>Faktoring<\/li>\n<li>Administrimi i Llogarive t\u00eb Ark\u00ebtueshme<\/li>\n<li>Sh\u00ebrbime k\u00ebshilluese financiare<\/li>\n<\/ul>\n<p>Q\u00ebllimi yn\u00eb \u00ebsht\u00eb t\u00eb shnd\u00ebrrohemi n\u00eb zgjedhjen e par\u00eb t\u00eb zgjidhjeve financiare p\u00ebr klient\u00ebt tan\u00eb duke nd\u00ebrtuar marr\u00ebdh\u00ebnie afatgjata dhe t\u00eb q\u00ebndrueshme me an\u00eb t\u00eb cil\u00ebsis\u00eb s\u00eb sh\u00ebrbimeve tona, eksperienc\u00ebs dhe njohurive p\u00ebr t\u00eb ofruar zgjidhje jo vet\u00ebm t\u00eb dobishme, por t\u00eb suksesshme dhe inovatore.<\/p>\n<p>Misioni yn\u00eb \u00ebsht\u00eb t\u00eb ofrojm\u00eb nivelin m\u00eb t\u00eb lart\u00eb t\u00eb sh\u00ebrbimeve bashkohore financiare n\u00eb nj\u00eb m\u00ebnyr\u00eb miq\u00ebsore dhe profesionale, me q\u00ebllim nxitjen e progresit t\u00eb biznesit dhe p\u00ebrdorimin me zgjuarsi t\u00eb instrumentave monetare.<\/p>\n<p>[\/et_pb_cta][\/et_pb_column][\/et_pb_row][\/et_pb_section][et_pb_section fb_built=&#8221;1&#8243; _builder_version=&#8221;4.6.6&#8243; _module_preset=&#8221;default&#8221; custom_padding=&#8221;8vw||8vw||false|false&#8221; global_colors_info=&#8221;{}&#8221;][et_pb_row column_structure=&#8221;1_3,1_3,1_3&#8243; _builder_version=&#8221;4.6.5&#8243; _module_preset=&#8221;default&#8221; global_colors_info=&#8221;{}&#8221;][et_pb_column type=&#8221;1_3&#8243; _builder_version=&#8221;4.6.5&#8243; _module_preset=&#8221;default&#8221; global_colors_info=&#8221;{}&#8221;][et_pb_blurb title=&#8221;The Latest Strategies&#8221; image=&#8221;https:\/\/afinstitution.com\/wp-content\/uploads\/2020\/10\/strategy-1.png&#8221; alt=&#8221;Strategy&#8221; icon_alignment=&#8221;left&#8221; _builder_version=&#8221;4.13.0&#8243; _module_preset=&#8221;default&#8221; header_font=&#8221;Titillium Web||||||||&#8221; header_text_color=&#8221;#0b4779&#8243; header_font_size=&#8221;30px&#8221; body_font=&#8221;Titillium Web||||||||&#8221; body_text_color=&#8221;#0b4779&#8243; body_font_size=&#8221;16px&#8221; global_colors_info=&#8221;{}&#8221;]<\/p>\n<p>Puna e madhe nuk ndodh rast\u00ebsisht.<\/p>\n<p>[\/et_pb_blurb][\/et_pb_column][et_pb_column type=&#8221;1_3&#8243; _builder_version=&#8221;4.6.5&#8243; _module_preset=&#8221;default&#8221; global_colors_info=&#8221;{}&#8221;][et_pb_blurb title=&#8221;Real Experience&#8221; image=&#8221;https:\/\/afinstitution.com\/wp-content\/uploads\/2020\/10\/goal.png&#8221; alt=&#8221;Afi Goal&#8221; icon_alignment=&#8221;left&#8221; _builder_version=&#8221;4.13.0&#8243; _module_preset=&#8221;default&#8221; header_font=&#8221;Titillium Web||||||||&#8221; header_text_color=&#8221;#0b4779&#8243; header_font_size=&#8221;30px&#8221; body_font=&#8221;Titillium Web||||||||&#8221; body_text_color=&#8221;#0b4779&#8243; body_font_size=&#8221;16px&#8221; global_colors_info=&#8221;{}&#8221;]<\/p>\n<p>Ne jemi nj\u00eb ekip shum\u00ebdisiplinor me mbi 10 vjet p\u00ebrvoj\u00eb lider n\u00eb biznes dhe k\u00ebshillim financiar.<\/p>\n<p>[\/et_pb_blurb][\/et_pb_column][et_pb_column type=&#8221;1_3&#8243; _builder_version=&#8221;4.6.5&#8243; _module_preset=&#8221;default&#8221; global_colors_info=&#8221;{}&#8221;][et_pb_blurb title=&#8221;Thinking Differently&#8221; image=&#8221;https:\/\/afinstitution.com\/wp-content\/uploads\/2020\/10\/thinking.png&#8221; alt=&#8221;Thinking&#8221; icon_alignment=&#8221;left&#8221; _builder_version=&#8221;4.13.0&#8243; _module_preset=&#8221;default&#8221; header_font=&#8221;Titillium Web||||||||&#8221; header_text_color=&#8221;#0b4779&#8243; header_font_size=&#8221;30px&#8221; body_font=&#8221;Titillium Web||||||||&#8221; body_text_color=&#8221;#0b4779&#8243; body_font_size=&#8221;16px&#8221; global_colors_info=&#8221;{}&#8221;]<\/p>\n<p>Pse t\u00eb ndiqni gjurm\u00ebt e firmave t\u00eb tjera kur nj\u00eb rrug\u00eb m\u00eb e mir\u00eb ekziston kaq qart\u00eb<\/p>\n<p>[\/et_pb_blurb][\/et_pb_column][\/et_pb_row][\/et_pb_section]<\/p>","protected":false},"excerpt":{"rendered":"<p><div class=\"et_pb_module lwp_divi_breadcrumbs lwp_divi_breadcrumbs_0\">\n\t\t\t\t\n\t\t\t\t\n\t\t\t\t\n\t\t\t\t\n\t\t\t\t\n\t\t\t\t\n\t\t\t\t<div class=\"et_pb_module_inner\">\n\t\t\t\t\t<div class=\"lwp-breadcrumbs\"> <span class=\"before\"><\/span> <span vocab=\"https:\/\/schema.org\/\" typeof=\"BreadcrumbList\"><span property=\"itemListElement\" typeof=\"ListItem\"><a property=\"item\" typeof=\"WebPage\" href=\"https:\/\/afinstitution.com\/al\/\" class=\"home\"><span property=\"name\">Kreu<\/span><\/a><meta property=\"position\" content=\"1\"><\/span> <span class=\"separator et-pb-icon\">&#x39;<\/span> <\/span><\/div>\n\t\t\t\t<\/div>\n\t\t\t<\/div> Get StartedAlbanian Financial Institution (AFI) is a private company licensed by the Bank of Albania as a Non-Bank Financial Institution to carry out the following activities: All forms of lending Financial leasing Factoring Administration of accounts receivable Guarantees and commitments Our goal is to become the [&hellip;]<\/p>","protected":false},"author":1,"featured_media":0,"parent":0,"menu_order":0,"comment_status":"closed","ping_status":"closed","template":"","meta":{"_et_pb_use_builder":"on","_et_pb_old_content":"","_et_gb_content_width":"","footnotes":""},"class_list":["post-272044","page","type-page","status-publish","hentry"],"_links":{"self":[{"href":"https:\/\/afinstitution.com\/al\/wp-json\/wp\/v2\/pages\/272044","targetHints":{"allow":["GET"]}}],"collection":[{"href":"https:\/\/afinstitution.com\/al\/wp-json\/wp\/v2\/pages"}],"about":[{"href":"https:\/\/afinstitution.com\/al\/wp-json\/wp\/v2\/types\/page"}],"author":[{"embeddable":true,"href":"https:\/\/afinstitution.com\/al\/wp-json\/wp\/v2\/users\/1"}],"replies":[{"embeddable":true,"href":"https:\/\/afinstitution.com\/al\/wp-json\/wp\/v2\/comments?post=272044"}],"version-history":[{"count":27,"href":"https:\/\/afinstitution.com\/al\/wp-json\/wp\/v2\/pages\/272044\/revisions"}],"predecessor-version":[{"id":278961,"href":"https:\/\/afinstitution.com\/al\/wp-json\/wp\/v2\/pages\/272044\/revisions\/278961"}],"wp:attachment":[{"href":"https:\/\/afinstitution.com\/al\/wp-json\/wp\/v2\/media?parent=272044"}],"curies":[{"name":"wp","href":"https:\/\/api.w.org\/{rel}","templated":true}]}}