{"id":272481,"date":"2020-10-12T09:25:17","date_gmt":"2020-10-12T09:25:17","guid":{"rendered":"https:\/\/infinitdev.com\/restaurant\/?page_id=272481"},"modified":"2021-11-18T11:26:29","modified_gmt":"2021-11-18T11:26:29","slug":"real-estate-leasing","status":"publish","type":"page","link":"https:\/\/afinstitution.com\/al\/real-estate-leasing\/","title":{"rendered":"Pasuri t\u00eb Paluajtshme"},"content":{"rendered":"<p>[et_pb_section fb_built=&#8221;1&#8243; _builder_version=&#8221;4.6.5&#8243; _module_preset=&#8221;default&#8221; background_color=&#8221;#f1f1f1&#8243; custom_padding=&#8221;0px||0px||false|false&#8221; border_color_all=&#8221;#ffffff&#8221; border_width_right=&#8221;5px&#8221; border_width_left=&#8221;5px&#8221; locked=&#8221;off&#8221;][et_pb_row _builder_version=&#8221;4.6.5&#8243; _module_preset=&#8221;default&#8221; width=&#8221;90%&#8221; max_width=&#8221;100%&#8221; custom_padding=&#8221;15px||15px||true|false&#8221;][et_pb_column type=&#8221;4_4&#8243; _builder_version=&#8221;4.6.5&#8243; _module_preset=&#8221;default&#8221;][lwp_divi_breadcrumbs font_icon=&#8221;%%3%%&#8221; link_color=&#8221;#0b4779&#8243; separator_color=&#8221;#00b1af&#8221; current_text_color=&#8221;#e47539&#8243; _builder_version=&#8221;4.6.5&#8243; _module_preset=&#8221;default&#8221; module_font=&#8221;Titillium Web||||||||&#8221;][\/lwp_divi_breadcrumbs][\/et_pb_column][\/et_pb_row][\/et_pb_section][et_pb_section fb_built=&#8221;1&#8243; _builder_version=&#8221;4.8.0&#8243; _module_preset=&#8221;default&#8221; background_enable_color=&#8221;off&#8221; custom_padding=&#8221;0px||0px||false|false&#8221; locked=&#8221;off&#8221;][et_pb_row column_structure=&#8221;2_5,3_5&#8243; use_custom_gutter=&#8221;on&#8221; gutter_width=&#8221;1&#8243; make_equal=&#8221;on&#8221; _builder_version=&#8221;4.8.0&#8243; _module_preset=&#8221;default&#8221; width=&#8221;100%&#8221; max_width=&#8221;100%&#8221; custom_padding=&#8221;3px|3px|0px|3px|false|true&#8221;][et_pb_column type=&#8221;2_5&#8243; _builder_version=&#8221;4.8.0&#8243; _module_preset=&#8221;default&#8221; background_color=&#8221;#e47539&#8243;][et_pb_text _builder_version=&#8221;4.8.0&#8243; _module_preset=&#8221;default&#8221; text_font=&#8221;Titillium Web|600|||||||&#8221; text_text_color=&#8221;#FFFFFF&#8221; text_font_size=&#8221;40px&#8221; text_orientation=&#8221;center&#8221; min_height=&#8221;400px&#8221; custom_padding=&#8221;||||false|false&#8221; hover_enabled=&#8221;0&#8243; custom_css_main_element=&#8221;display: flex;||justify-content: center;||align-items: center;&#8221; sticky_enabled=&#8221;0&#8243;]<\/p>\n<p class=\"et_pb_module_header\">Pasuri t\u00eb Paluajtshme<\/p>\n<p>[\/et_pb_text][\/et_pb_column][et_pb_column type=&#8221;3_5&#8243; _builder_version=&#8221;4.6.5&#8243; _module_preset=&#8221;default&#8221;][et_pb_cta _builder_version=&#8221;4.8.0&#8243; _module_preset=&#8221;default&#8221; header_font=&#8221;Titillium Web||||||||&#8221; header_font_size=&#8221;50px&#8221; body_font=&#8221;Titillium Web||||||||&#8221; body_font_size=&#8221;18px&#8221; background_image=&#8221;https:\/\/afinstitution.com\/wp-content\/uploads\/2020\/10\/businesswoman-s-hand-holding-wooden-house-model-keys-against-blur-house-scaled.jpg&#8221; background_position=&#8221;top_center&#8221; text_orientation=&#8221;left&#8221; min_height=&#8221;400px&#8221; custom_margin=&#8221;||||false|false&#8221; hover_enabled=&#8221;0&#8243; header_font_size_tablet=&#8221;40px&#8221; header_font_size_phone=&#8221;30px&#8221; header_font_size_last_edited=&#8221;on|phone&#8221; border_width_all=&#8221;2px&#8221; border_color_all=&#8221;#ffffff&#8221; border_color_all__hover_enabled=&#8221;off|hover&#8221; alt=&#8221;Real Estate Leasing&#8221; title_text=&#8221;Real Estate Leasing&#8221; sticky_enabled=&#8221;0&#8243;][\/et_pb_cta][\/et_pb_column][\/et_pb_row][\/et_pb_section][et_pb_section fb_built=&#8221;1&#8243; _builder_version=&#8221;4.6.6&#8243; _module_preset=&#8221;default&#8221; background_enable_image=&#8221;off&#8221; background_size=&#8221;initial&#8221; background_position=&#8221;center_right&#8221; custom_padding=&#8221;8vw||6vw||false|false&#8221; top_divider_style=&#8221;mountains2&#8243; top_divider_color=&#8221;#f1f1f1&#8243; top_divider_height=&#8221;200px&#8221; background_last_edited=&#8221;on|desktop&#8221; use_background_color_gradient_tablet=&#8221;off&#8221; use_background_color_gradient_phone=&#8221;off&#8221; background_color_gradient_start_tablet=&#8221;rgba(255,255,255,0.85)&#8221; background_color_gradient_end_tablet=&#8221;rgba(0,0,0,0)&#8221; background_color_gradient_direction_tablet=&#8221;90deg&#8221; background_color_gradient_start_position_tablet=&#8221;80%&#8221; background_color_gradient_end_position_tablet=&#8221;100%&#8221; background_color_gradient_overlays_image_tablet=&#8221;on&#8221; background_enable_image_tablet=&#8221;off&#8221; background_enable_image_phone=&#8221;off&#8221; background_position_phone=&#8221;bottom_center&#8221; locked=&#8221;off&#8221;][et_pb_row _builder_version=&#8221;4.6.5&#8243; _module_preset=&#8221;default&#8221; custom_padding=&#8221;0px||0px|||&#8221; locked=&#8221;off&#8221;][et_pb_column type=&#8221;4_4&#8243; _builder_version=&#8221;4.6.5&#8243; _module_preset=&#8221;default&#8221;][et_pb_cta title=&#8221;Terms &#038; Conditions:&#8221; _builder_version=&#8221;4.6.6&#8243; _module_preset=&#8221;default&#8221; header_font=&#8221;Titillium Web|600|||||||&#8221; header_text_color=&#8221;#0b4779&#8243; header_font_size=&#8221;50px&#8221; header_line_height=&#8221;1.7em&#8221; body_font=&#8221;Titillium Web||||on||||&#8221; body_text_color=&#8221;#0b4779&#8243; body_font_size=&#8221;18px&#8221; body_line_height=&#8221;1.8em&#8221; body_ul_type=&#8221;circle&#8221; body_ul_position=&#8221;inside&#8221; body_ul_font=&#8221;Titillium Web||||||||&#8221; body_ul_text_color=&#8221;#e47539&#8243; background_enable_color=&#8221;off&#8221; background_enable_image=&#8221;off&#8221; background_position=&#8221;center_right&#8221; text_orientation=&#8221;left&#8221; custom_margin=&#8221;||||false|false&#8221; custom_padding=&#8221;0px|0px|0px|0px|false|true&#8221; header_font_size_tablet=&#8221;40px&#8221; header_font_size_phone=&#8221;30px&#8221; header_font_size_last_edited=&#8221;on|desktop&#8221; body_font_size_tablet=&#8221;16px&#8221; body_font_size_phone=&#8221;&#8221; body_font_size_last_edited=&#8221;on|phone&#8221; border_color_all=&#8221;#ffffff&#8221; border_color_all__hover_enabled=&#8221;off|hover&#8221; border_color_all__hover=&#8221;#e57539&#8243;][\/et_pb_cta][\/et_pb_column][\/et_pb_row][et_pb_row column_structure=&#8221;1_2,1_2&#8243; _builder_version=&#8221;4.6.6&#8243; _module_preset=&#8221;default&#8221; custom_padding=&#8221;2vw||0vw||false|false&#8221;][et_pb_column type=&#8221;1_2&#8243; _builder_version=&#8221;4.6.5&#8243; _module_preset=&#8221;default&#8221;][et_pb_text _builder_version=&#8221;4.6.6&#8243; _module_preset=&#8221;default&#8221; text_font=&#8221;Titillium Web|600|||||||&#8221; text_text_color=&#8221;#e47539&#8243; text_font_size=&#8221;26px&#8221; text_font_size_tablet=&#8221;16px&#8221; text_font_size_last_edited=&#8221;off|desktop&#8221;]<\/p>\n<p><span style=\"text-decoration: underline;\">Qira Financiare per Biznes:<\/span><\/p>\n<p>[\/et_pb_text][et_pb_code _builder_version=&#8221;4.6.6&#8243; _module_preset=&#8221;default&#8221; min_height=&#8221;460px&#8221;]<div class=\"wptb-container-legacy\" data-table-id=\"278215\">\n    <table class=\"wptb-preview-table wptb-element-main-table_setting-272338\" data-reconstraction=\"1\" style=\"border: 1px solid rgb(214, 214, 214);\" data-wptb-table-tds-sum-max-width=\"282\" data-wptb-cells-width-auto-count=\"2\" role=\"table\" data-wptb-responsive-directives=\"eyJyZXNwb25zaXZlRW5hYmxlZCI6ZmFsc2UsInJlc3BvbnNpdmVNb2RlIjoiYXV0byIsInByZXNlcnZlUm93Q29sb3IiOmZhbHNlLCJyZWxhdGl2ZVdpZHRoIjoid2luZG93IiwibW9kZU9wdGlvbnMiOnsiYXV0byI6eyJ0b3BSb3dBc0hlYWRlciI6eyJkZXNrdG9wIjpmYWxzZSwidGFibGV0IjpmYWxzZSwibW9iaWxlIjpmYWxzZX0sInN0YXRpY1RvcFJvdyI6eyJkZXNrdG9wIjpmYWxzZSwidGFibGV0IjpmYWxzZSwibW9iaWxlIjpmYWxzZX0sImNlbGxTdGFja0RpcmVjdGlvbiI6eyJkZXNrdG9wIjoicm93IiwidGFibGV0Ijoicm93IiwibW9iaWxlIjoicm93In0sImNlbGxzUGVyUm93Ijp7ImRlc2t0b3AiOjEsInRhYmxldCI6MSwibW9iaWxlIjoxfX19LCJicmVha3BvaW50cyI6eyJkZXNrdG9wIjp7Im5hbWUiOiJkZXNrdG9wIiwid2lkdGgiOjEwMjR9LCJ0YWJsZXQiOnsibmFtZSI6InRhYmxldCIsIndpZHRoIjo3MDB9LCJtb2JpbGUiOnsibmFtZSI6Im1vYmlsZSIsIndpZHRoIjozMDB9fX0=\" data-wptb-adaptive-table=\"0\" data-wptb-table-alignment=\"center\" data-wptb-td-width-auto=\"100\" data-wptb-apply-table-container-max-width=\"1\" data-wptb-table-container-max-width=\"1080\" data-table-columns=\"2\"><tbody><tr class=\"wptb-row\" style=\"background-color: rgb(238, 238, 238);\"><td class=\"wptb-cell\" data-y-index=\"0\" data-x-index=\"0\" style=\"border-width: 1px; padding: 20px; background-color: rgba(0, 0, 0, 0); border-color: rgb(214, 214, 214);\" data-wptb-css-td-auto-width=\"true\" data-sorted-vertical=\"desk-disabled\" data-sorted-horizontal=\"ask-disabled\"><div class=\"wptb-text-container wptb-ph-element wptb-element-text-3\" style=\"color: rgb(11, 71, 121); font-size: 14px;\"><div class=\"\" style=\"position: relative;\"><p>Lloji i aseteve<\/p><\/div><\/div><\/td><td class=\"wptb-cell\" data-y-index=\"0\" data-x-index=\"1\" style=\"border-width: 1px; padding: 20px; background-color: rgba(0, 0, 0, 0); border-color: rgb(214, 214, 214);\" data-wptb-css-td-auto-width=\"true\" data-sorted-vertical=\"ask-disabled\"><div class=\"wptb-text-container wptb-ph-element wptb-element-text-6\" style=\"color: rgb(11, 71, 121); font-size: 14px;\"><div class=\"\" style=\"position: relative;\"><p>Pasuri t\u00eb Paluajtshme<\/p><\/div><\/div><\/td><\/tr><tr class=\"wptb-row\" style=\"background-color: rgb(252, 252, 252);\"><td class=\"wptb-cell\" data-y-index=\"1\" data-x-index=\"0\" style=\"border-width: 1px; padding: 20px; background-color: rgba(0, 0, 0, 0); border-color: rgb(214, 214, 214);\" data-wptb-css-td-auto-width=\"true\" data-sorted-horizontal=\"ask-disabled\"><div class=\"wptb-text-container wptb-ph-element wptb-element-text-8\" style=\"color: rgb(11, 71, 121); font-size: 14px;\"><div class=\"\" style=\"position: relative;\"><p>Maturimi (muajt)<\/p><\/div><\/div><\/td><td class=\"wptb-cell\" data-y-index=\"1\" data-x-index=\"1\" style=\"border-width: 1px; padding: 20px; background-color: rgba(0, 0, 0, 0); border-color: rgb(214, 214, 214);\" data-wptb-css-td-auto-width=\"true\"><div class=\"wptb-text-container wptb-ph-element wptb-element-text-28\" style=\"color: rgb(11, 71, 121); font-size: 14px;\"><div class=\"\" style=\"position: relative;\"><p>60-84<\/p><\/div><\/div><\/td><\/tr><tr class=\"wptb-row\" style=\"background-color: rgb(238, 238, 238);\"><td class=\"wptb-cell\" data-y-index=\"2\" data-x-index=\"0\" style=\"border-width: 1px; padding: 20px; background-color: rgba(0, 0, 0, 0); border-color: rgb(214, 214, 214);\" data-wptb-css-td-auto-width=\"true\" data-sorted-horizontal=\"ask-disabled\"><div class=\"wptb-text-container wptb-ph-element wptb-element-text-10\" style=\"color: rgb(11, 71, 121); font-size: 14px;\"><div class=\"\" style=\"position: relative;\"><p>Norma e interesit<\/p><\/div><\/div><\/td><td class=\"wptb-cell\" data-y-index=\"2\" data-x-index=\"1\" style=\"border-width: 1px; padding: 20px; background-color: rgba(0, 0, 0, 0); border-color: rgb(214, 214, 214);\" data-wptb-css-td-auto-width=\"true\"><div class=\"wptb-text-container wptb-ph-element wptb-element-text-29 edit-active\" style=\"color: rgb(11, 71, 121); font-size: 14px;\"><div class=\"\" style=\"position: relative;\"><p>y Euribor+5%, min 7%<\/p><\/div><\/div><\/td><\/tr><tr class=\"wptb-row\" style=\"background-color: rgb(252, 252, 252);\"><td class=\"wptb-cell\" data-y-index=\"3\" data-x-index=\"0\" style=\"border-width: 1px; padding: 20px; background-color: rgba(0, 0, 0, 0); border-color: rgb(214, 214, 214);\" data-wptb-css-td-auto-width=\"true\" data-sorted-horizontal=\"ask-disabled\"><div class=\"wptb-text-container wptb-ph-element wptb-element-text-5\" style=\"color: rgb(11, 71, 121); font-size: 14px;\"><div class=\"\" style=\"position: relative;\"><p>Parapagim<\/p><\/div><\/div><\/td><td class=\"wptb-cell\" data-y-index=\"3\" data-x-index=\"1\" style=\"border-width: 1px; padding: 20px; background-color: rgba(0, 0, 0, 0); border-color: rgb(214, 214, 214);\" data-wptb-css-td-auto-width=\"true\"><div class=\"wptb-text-container wptb-ph-element wptb-element-text-27\" style=\"color: rgb(11, 71, 121); font-size: 14px;\"><div class=\"\" style=\"position: relative;\"><p>max 70%<\/p><\/div><\/div><\/td><\/tr><tr class=\"wptb-row\" style=\"background-color: rgb(238, 238, 238);\"><td class=\"wptb-cell\" data-y-index=\"4\" data-x-index=\"0\" style=\"border-width: 1px; padding: 20px; background-color: rgba(0, 0, 0, 0); border-color: rgb(214, 214, 214);\" data-wptb-css-td-auto-width=\"true\" data-sorted-horizontal=\"ask-disabled\"><div class=\"wptb-text-container wptb-ph-element wptb-element-text-11\" style=\"color: rgb(11, 71, 121); font-size: 14px;\"><div class=\"\" style=\"position: relative;\"><p>Monedha<\/p><\/div><\/div><\/td><td class=\"wptb-cell\" data-y-index=\"4\" data-x-index=\"1\" style=\"border-width: 1px; padding: 20px; background-color: rgba(0, 0, 0, 0); border-color: rgb(214, 214, 214);\" data-wptb-css-td-auto-width=\"true\"><div class=\"wptb-text-container wptb-ph-element wptb-element-text-31\" style=\"color: rgb(11, 71, 121); font-size: 14px;\"><div class=\"\" style=\"position: relative;\"><p>ALL, EUR, USD<\/p><\/div><\/div><\/td><\/tr><tr class=\"wptb-row\" style=\"background-color: rgb(252, 252, 252);\"><td class=\"wptb-cell\" data-y-index=\"5\" data-x-index=\"0\" style=\"border-width: 1px; padding: 20px; background-color: rgba(0, 0, 0, 0); border-color: rgb(214, 214, 214);\" data-wptb-css-td-auto-width=\"true\" data-sorted-horizontal=\"ask-disabled\"><div class=\"wptb-text-container wptb-ph-element wptb-element-text-9\" style=\"color: rgb(11, 71, 121); font-size: 14px;\"><div class=\"\" style=\"position: relative;\"><p>Komisioni administrativ<\/p><\/div><\/div><\/td><td class=\"wptb-cell\" data-y-index=\"5\" data-x-index=\"1\" style=\"border-width: 1px; padding: 20px; background-color: rgba(0, 0, 0, 0); border-color: rgb(214, 214, 214);\" data-wptb-css-td-auto-width=\"true\"><div class=\"wptb-text-container wptb-ph-element wptb-element-text-30\" style=\"color: rgb(11, 71, 121); font-size: 14px;\"><div class=\"\" style=\"position: relative;\"><p>min 1%<\/p><\/div><\/div><\/td><\/tr><\/tbody><\/table>\n<\/div>\n[\/et_pb_code][\/et_pb_column][et_pb_column type=&#8221;1_2&#8243; _builder_version=&#8221;4.6.5&#8243; _module_preset=&#8221;default&#8221;][et_pb_text _builder_version=&#8221;4.6.6&#8243; _module_preset=&#8221;default&#8221; text_font=&#8221;Titillium Web|600|||||||&#8221; text_text_color=&#8221;#e47539&#8243; text_font_size=&#8221;26px&#8221; text_font_size_tablet=&#8221;16px&#8221; text_font_size_last_edited=&#8221;off|desktop&#8221; locked=&#8221;off&#8221;]<\/p>\n<p><span>Lista e dokumentave p\u00ebr Biznes:<\/span><\/p>\n<p>[\/et_pb_text][et_pb_text ol_item_indent=&#8221;10px&#8221; _builder_version=&#8221;4.6.6&#8243; _module_preset=&#8221;default&#8221; text_font=&#8221;Titillium Web||||||||&#8221; text_text_color=&#8221;#0b4779&#8243; text_font_size=&#8221;18px&#8221; ol_font=&#8221;Titillium Web||||||||&#8221; ol_line_height=&#8221;1.8em&#8221; header_6_font=&#8221;Titillium Web||||||||&#8221; header_6_text_color=&#8221;#e47539&#8243; header_6_font_size=&#8221;26px&#8221; text_font_size_tablet=&#8221;16px&#8221; text_font_size_phone=&#8221;&#8221; text_font_size_last_edited=&#8221;on|phone&#8221; header_6_font_size_tablet=&#8221;16px&#8221; header_6_font_size_last_edited=&#8221;off|desktop&#8221; locked=&#8221;off&#8221;]<\/p>\n<h6><\/h6>\n<ol>\n<li><span lang=\"en\"><span>ID e vlefshme (Passport, ID Card) t\u00eb administratorit\/toreve t\u00eb kompanis\u00eb;<\/span><\/span><\/li>\n<li><span>Certifikate Regjistrimi nga QKR , statusi i kompanise dhe dokumenta t\u00eb tjera ligjore;<\/span><\/li>\n<li><span>Pasqyrat Financiare t\u00eb audituara s\u00eb paku nj\u00eb vit, dhe infomacion financiar p\u00ebr vitin aktual;<\/span><\/li>\n<li><span>Licence Biznesi, l\u00ebshuar nga autoritetet respektive;<\/span><\/li>\n<\/ol>\n<p>[\/et_pb_text][\/et_pb_column][\/et_pb_row][\/et_pb_section]<\/p>","protected":false},"excerpt":{"rendered":"<p><div class=\"et_pb_module lwp_divi_breadcrumbs lwp_divi_breadcrumbs_0\">\n\t\t\t\t\n\t\t\t\t\n\t\t\t\t\n\t\t\t\t\n\t\t\t\t\n\t\t\t\t\n\t\t\t\t<div class=\"et_pb_module_inner\">\n\t\t\t\t\t<div class=\"lwp-breadcrumbs\"> <span class=\"before\"><\/span> <span vocab=\"https:\/\/schema.org\/\" typeof=\"BreadcrumbList\"><span property=\"itemListElement\" typeof=\"ListItem\"><a property=\"item\" typeof=\"WebPage\" href=\"https:\/\/afinstitution.com\/al\/\" class=\"home\"><span property=\"name\">Kreu<\/span><\/a><meta property=\"position\" content=\"1\"><\/span> <span class=\"separator et-pb-icon\">$<\/span> <\/span><\/div>\n\t\t\t\t<\/div>\n\t\t\t<\/div>Real Estate Leasing Business Leasing<div class=\"wptb-container-legacy\" data-table-id=\"278215\">\n    <table class=\"wptb-preview-table wptb-element-main-table_setting-272338\" data-reconstraction=\"1\" style=\"border: 1px solid rgb(214, 214, 214);\" data-wptb-table-tds-sum-max-width=\"282\" data-wptb-cells-width-auto-count=\"2\" role=\"table\" data-wptb-responsive-directives=\"eyJyZXNwb25zaXZlRW5hYmxlZCI6ZmFsc2UsInJlc3BvbnNpdmVNb2RlIjoiYXV0byIsInByZXNlcnZlUm93Q29sb3IiOmZhbHNlLCJyZWxhdGl2ZVdpZHRoIjoid2luZG93IiwibW9kZU9wdGlvbnMiOnsiYXV0byI6eyJ0b3BSb3dBc0hlYWRlciI6eyJkZXNrdG9wIjpmYWxzZSwidGFibGV0IjpmYWxzZSwibW9iaWxlIjpmYWxzZX0sInN0YXRpY1RvcFJvdyI6eyJkZXNrdG9wIjpmYWxzZSwidGFibGV0IjpmYWxzZSwibW9iaWxlIjpmYWxzZX0sImNlbGxTdGFja0RpcmVjdGlvbiI6eyJkZXNrdG9wIjoicm93IiwidGFibGV0Ijoicm93IiwibW9iaWxlIjoicm93In0sImNlbGxzUGVyUm93Ijp7ImRlc2t0b3AiOjEsInRhYmxldCI6MSwibW9iaWxlIjoxfX19LCJicmVha3BvaW50cyI6eyJkZXNrdG9wIjp7Im5hbWUiOiJkZXNrdG9wIiwid2lkdGgiOjEwMjR9LCJ0YWJsZXQiOnsibmFtZSI6InRhYmxldCIsIndpZHRoIjo3MDB9LCJtb2JpbGUiOnsibmFtZSI6Im1vYmlsZSIsIndpZHRoIjozMDB9fX0=\" data-wptb-adaptive-table=\"0\" data-wptb-table-alignment=\"center\" data-wptb-td-width-auto=\"100\" data-wptb-apply-table-container-max-width=\"1\" data-wptb-table-container-max-width=\"1080\" data-table-columns=\"2\"><tbody><tr class=\"wptb-row\" style=\"background-color: rgb(238, 238, 238);\"><td class=\"wptb-cell\" data-y-index=\"0\" data-x-index=\"0\" style=\"border-width: 1px; padding: 20px; background-color: rgba(0, 0, 0, 0); border-color: rgb(214, 214, 214);\" data-wptb-css-td-auto-width=\"true\" data-sorted-vertical=\"desk-disabled\" data-sorted-horizontal=\"ask-disabled\"><div class=\"wptb-text-container wptb-ph-element wptb-element-text-3\" style=\"color: rgb(11, 71, 121); font-size: 14px;\"><div class=\"\" style=\"position: relative;\"><p>Lloji i aseteve<\/p><\/div><\/div><\/td><td class=\"wptb-cell\" data-y-index=\"0\" data-x-index=\"1\" style=\"border-width: 1px; padding: 20px; background-color: rgba(0, 0, 0, 0); border-color: rgb(214, 214, 214);\" data-wptb-css-td-auto-width=\"true\" data-sorted-vertical=\"ask-disabled\"><div class=\"wptb-text-container wptb-ph-element wptb-element-text-6\" style=\"color: rgb(11, 71, 121); font-size: 14px;\"><div class=\"\" style=\"position: relative;\"><p>Pasuri t\u00eb Paluajtshme<\/p><\/div><\/div><\/td><\/tr><tr class=\"wptb-row\" style=\"background-color: rgb(252, 252, 252);\"><td class=\"wptb-cell\" data-y-index=\"1\" data-x-index=\"0\" style=\"border-width: 1px; padding: 20px; background-color: rgba(0, 0, 0, 0); border-color: rgb(214, 214, 214);\" data-wptb-css-td-auto-width=\"true\" data-sorted-horizontal=\"ask-disabled\"><div class=\"wptb-text-container wptb-ph-element wptb-element-text-8\" style=\"color: rgb(11, 71, 121); font-size: 14px;\"><div class=\"\" style=\"position: relative;\"><p>Maturimi (muajt)<\/p><\/div><\/div><\/td><td class=\"wptb-cell\" data-y-index=\"1\" data-x-index=\"1\" style=\"border-width: 1px; padding: 20px; background-color: rgba(0, 0, 0, 0); border-color: rgb(214, 214, 214);\" data-wptb-css-td-auto-width=\"true\"><div class=\"wptb-text-container wptb-ph-element wptb-element-text-28\" style=\"color: rgb(11, 71, 121); font-size: 14px;\"><div class=\"\" style=\"position: relative;\"><p>60-84<\/p><\/div><\/div><\/td><\/tr><tr class=\"wptb-row\" style=\"background-color: rgb(238, 238, 238);\"><td class=\"wptb-cell\" data-y-index=\"2\" data-x-index=\"0\" style=\"border-width: 1px; padding: 20px; background-color: rgba(0, 0, 0, 0); border-color: rgb(214, 214, 214);\" data-wptb-css-td-auto-width=\"true\" data-sorted-horizontal=\"ask-disabled\"><div class=\"wptb-text-container wptb-ph-element wptb-element-text-10\" style=\"color: rgb(11, 71, 121); font-size: 14px;\"><div class=\"\" style=\"position: relative;\"><p>Norma e interesit<\/p><\/div><\/div><\/td><td class=\"wptb-cell\" data-y-index=\"2\" data-x-index=\"1\" style=\"border-width: 1px; padding: 20px; background-color: rgba(0, 0, 0, 0); border-color: rgb(214, 214, 214);\" data-wptb-css-td-auto-width=\"true\"><div class=\"wptb-text-container wptb-ph-element wptb-element-text-29 edit-active\" style=\"color: rgb(11, 71, 121); font-size: 14px;\"><div class=\"\" style=\"position: relative;\"><p>y Euribor+5%, min 7%<\/p><\/div><\/div><\/td><\/tr><tr class=\"wptb-row\" style=\"background-color: rgb(252, 252, 252);\"><td class=\"wptb-cell\" data-y-index=\"3\" data-x-index=\"0\" style=\"border-width: 1px; padding: 20px; background-color: rgba(0, 0, 0, 0); border-color: rgb(214, 214, 214);\" data-wptb-css-td-auto-width=\"true\" data-sorted-horizontal=\"ask-disabled\"><div class=\"wptb-text-container wptb-ph-element wptb-element-text-5\" style=\"color: rgb(11, 71, 121); font-size: 14px;\"><div class=\"\" style=\"position: relative;\"><p>Parapagim<\/p><\/div><\/div><\/td><td class=\"wptb-cell\" data-y-index=\"3\" data-x-index=\"1\" style=\"border-width: 1px; padding: 20px; background-color: rgba(0, 0, 0, 0); border-color: rgb(214, 214, 214);\" data-wptb-css-td-auto-width=\"true\"><div class=\"wptb-text-container wptb-ph-element wptb-element-text-27\" style=\"color: rgb(11, 71, 121); font-size: 14px;\"><div class=\"\" style=\"position: relative;\"><p>max 70%<\/p><\/div><\/div><\/td><\/tr><tr class=\"wptb-row\" style=\"background-color: rgb(238, 238, 238);\"><td class=\"wptb-cell\" data-y-index=\"4\" data-x-index=\"0\" style=\"border-width: 1px; padding: 20px; background-color: rgba(0, 0, 0, 0); border-color: rgb(214, 214, 214);\" data-wptb-css-td-auto-width=\"true\" data-sorted-horizontal=\"ask-disabled\"><div class=\"wptb-text-container wptb-ph-element wptb-element-text-11\" style=\"color: rgb(11, 71, 121); font-size: 14px;\"><div class=\"\" style=\"position: relative;\"><p>Monedha<\/p><\/div><\/div><\/td><td class=\"wptb-cell\" data-y-index=\"4\" data-x-index=\"1\" style=\"border-width: 1px; padding: 20px; background-color: rgba(0, 0, 0, 0); border-color: rgb(214, 214, 214);\" data-wptb-css-td-auto-width=\"true\"><div class=\"wptb-text-container wptb-ph-element wptb-element-text-31\" style=\"color: rgb(11, 71, 121); font-size: 14px;\"><div class=\"\" style=\"position: relative;\"><p>ALL, EUR, USD<\/p><\/div><\/div><\/td><\/tr><tr class=\"wptb-row\" style=\"background-color: rgb(252, 252, 252);\"><td class=\"wptb-cell\" data-y-index=\"5\" data-x-index=\"0\" style=\"border-width: 1px; padding: 20px; background-color: rgba(0, 0, 0, 0); border-color: rgb(214, 214, 214);\" data-wptb-css-td-auto-width=\"true\" data-sorted-horizontal=\"ask-disabled\"><div class=\"wptb-text-container wptb-ph-element wptb-element-text-9\" style=\"color: rgb(11, 71, 121); font-size: 14px;\"><div class=\"\" style=\"position: relative;\"><p>Komisioni administrativ<\/p><\/div><\/div><\/td><td class=\"wptb-cell\" data-y-index=\"5\" data-x-index=\"1\" style=\"border-width: 1px; padding: 20px; background-color: rgba(0, 0, 0, 0); border-color: rgb(214, 214, 214);\" data-wptb-css-td-auto-width=\"true\"><div class=\"wptb-text-container wptb-ph-element wptb-element-text-30\" style=\"color: rgb(11, 71, 121); font-size: 14px;\"><div class=\"\" style=\"position: relative;\"><p>min 1%<\/p><\/div><\/div><\/td><\/tr><\/tbody><\/table>\n<\/div>\nList of documents for Business: Valid ID (Passport, ID Card)for the administrator\/s of the Company Certificate of registration at the National Registration Centre, Statute of Company, and other appropriate legal documents Audited financial statements for at least 1 year, and financial data [&hellip;]<\/p>","protected":false},"author":1,"featured_media":0,"parent":0,"menu_order":0,"comment_status":"closed","ping_status":"closed","template":"","meta":{"_et_pb_use_builder":"on","_et_pb_old_content":"","_et_gb_content_width":"","footnotes":""},"class_list":["post-272481","page","type-page","status-publish","hentry"],"_links":{"self":[{"href":"https:\/\/afinstitution.com\/al\/wp-json\/wp\/v2\/pages\/272481","targetHints":{"allow":["GET"]}}],"collection":[{"href":"https:\/\/afinstitution.com\/al\/wp-json\/wp\/v2\/pages"}],"about":[{"href":"https:\/\/afinstitution.com\/al\/wp-json\/wp\/v2\/types\/page"}],"author":[{"embeddable":true,"href":"https:\/\/afinstitution.com\/al\/wp-json\/wp\/v2\/users\/1"}],"replies":[{"embeddable":true,"href":"https:\/\/afinstitution.com\/al\/wp-json\/wp\/v2\/comments?post=272481"}],"version-history":[{"count":18,"href":"https:\/\/afinstitution.com\/al\/wp-json\/wp\/v2\/pages\/272481\/revisions"}],"predecessor-version":[{"id":278886,"href":"https:\/\/afinstitution.com\/al\/wp-json\/wp\/v2\/pages\/272481\/revisions\/278886"}],"wp:attachment":[{"href":"https:\/\/afinstitution.com\/al\/wp-json\/wp\/v2\/media?parent=272481"}],"curies":[{"name":"wp","href":"https:\/\/api.w.org\/{rel}","templated":true}]}}