{"id":278602,"date":"2020-11-08T19:00:19","date_gmt":"2020-11-08T19:00:19","guid":{"rendered":"https:\/\/infinitdev.com\/restaurant\/?page_id=278602"},"modified":"2021-11-18T11:43:16","modified_gmt":"2021-11-18T11:43:16","slug":"all-forms-of-lending","status":"publish","type":"page","link":"https:\/\/afinstitution.com\/al\/all-forms-of-lending\/","title":{"rendered":"T\u00eb gjitha format e kredidh\u00ebnies"},"content":{"rendered":"<p>[et_pb_section fb_built=&#8221;1&#8243; _builder_version=&#8221;4.6.5&#8243; _module_preset=&#8221;default&#8221; background_color=&#8221;#f1f1f1&#8243; custom_padding=&#8221;0px||0px||false|false&#8221; border_color_all=&#8221;#ffffff&#8221; border_width_right=&#8221;5px&#8221; border_width_left=&#8221;5px&#8221; locked=&#8221;off&#8221; global_colors_info=&#8221;{}&#8221;][et_pb_row _builder_version=&#8221;4.6.5&#8243; _module_preset=&#8221;default&#8221; width=&#8221;90%&#8221; max_width=&#8221;100%&#8221; custom_padding=&#8221;15px||15px||true|false&#8221; global_colors_info=&#8221;{}&#8221;][et_pb_column type=&#8221;4_4&#8243; _builder_version=&#8221;4.6.5&#8243; _module_preset=&#8221;default&#8221; global_colors_info=&#8221;{}&#8221;][lwp_divi_breadcrumbs link_color=&#8221;#0b4779&#8243; separator_color=&#8221;#00b1af&#8221; current_text_color=&#8221;#e47539&#8243; _builder_version=&#8221;4.6.5&#8243; _module_preset=&#8221;default&#8221; module_font=&#8221;Titillium Web||||||||&#8221; global_colors_info=&#8221;{}&#8221;][\/lwp_divi_breadcrumbs][\/et_pb_column][\/et_pb_row][\/et_pb_section][et_pb_section fb_built=&#8221;1&#8243; _builder_version=&#8221;4.6.5&#8243; _module_preset=&#8221;default&#8221; background_enable_color=&#8221;off&#8221; custom_padding=&#8221;0px||0px||false|false&#8221; top_divider_color=&#8221;#000000&#8243; border_color_all=&#8221;#ffffff&#8221; locked=&#8221;off&#8221; global_colors_info=&#8221;{}&#8221;][et_pb_row _builder_version=&#8221;4.6.5&#8243; _module_preset=&#8221;default&#8221; width=&#8221;100%&#8221; max_width=&#8221;100%&#8221; custom_padding=&#8221;3px|3px|3px|3px|true|true&#8221; global_colors_info=&#8221;{}&#8221;][et_pb_column type=&#8221;4_4&#8243; _builder_version=&#8221;4.6.5&#8243; _module_preset=&#8221;default&#8221; global_colors_info=&#8221;{}&#8221;][et_pb_cta title=&#8221;All form of lending&#8221; _builder_version=&#8221;4.13.1&#8243; _module_preset=&#8221;default&#8221; header_font=&#8221;Titillium Web|600|||||||&#8221; header_font_size=&#8221;50px&#8221; body_font=&#8221;Titillium Web||||||||&#8221; body_font_size=&#8221;18px&#8221; use_background_color_gradient=&#8221;on&#8221; background_color_gradient_start=&#8221;rgba(11,71,121,0.35)&#8221; background_color_gradient_end=&#8221;rgba(0,0,0,0)&#8221; background_color_gradient_direction=&#8221;90deg&#8221; background_color_gradient_overlays_image=&#8221;on&#8221; background_image=&#8221;https:\/\/afinstitution.com\/wp-content\/uploads\/2020\/10\/Factoring_.jpg&#8221; text_orientation=&#8221;left&#8221; width=&#8221;100%&#8221; min_height=&#8221;100%&#8221; custom_margin=&#8221;||||false|false&#8221; custom_padding=&#8221;8vw||8vw||true|false&#8221; hover_enabled=&#8221;0&#8243; header_font_size_tablet=&#8221;40px&#8221; header_font_size_phone=&#8221;30px&#8221; header_font_size_last_edited=&#8221;on|desktop&#8221; body_font_size_tablet=&#8221;16px&#8221; body_font_size_phone=&#8221;&#8221; body_font_size_last_edited=&#8221;on|desktop&#8221; border_width_all=&#8221;2px&#8221; border_color_all=&#8221;#ffffff&#8221; global_colors_info=&#8221;{}&#8221; border_color_all__hover_enabled=&#8221;off|hover&#8221; border_color_all__hover=&#8221;#e57539&#8243; sticky_enabled=&#8221;0&#8243;]&nbsp;<\/p>\n<p><a href=\"https:\/\/afinstitution.com\/al\/contact-us\/&quot;\/\"><button class=\"home-btn effect-6\"><span>Lexo m\u00eb shum\u00eb<\/span><\/button><\/a>[\/et_pb_cta][\/et_pb_column][\/et_pb_row][\/et_pb_section][et_pb_section fb_built=&#8221;1&#8243; _builder_version=&#8221;4.6.5&#8243; _module_preset=&#8221;default&#8221; custom_padding=&#8221;8vw||8vw||false|false&#8221; top_divider_style=&#8221;mountains2&#8243; top_divider_color=&#8221;#f1f1f1&#8243; top_divider_height=&#8221;200px&#8221; locked=&#8221;off&#8221; global_colors_info=&#8221;{}&#8221;][et_pb_row _builder_version=&#8221;4.6.5&#8243; _module_preset=&#8221;default&#8221; background_enable_color=&#8221;off&#8221; custom_padding=&#8221;0px||0px||false|false&#8221; global_colors_info=&#8221;{}&#8221;][et_pb_column type=&#8221;4_4&#8243; _builder_version=&#8221;4.6.5&#8243; _module_preset=&#8221;default&#8221; global_colors_info=&#8221;{}&#8221;][et_pb_cta _builder_version=&#8221;4.8.0&#8243; _module_preset=&#8221;default&#8221; header_font=&#8221;Titillium Web|600|||||||&#8221; header_text_color=&#8221;#0b4779&#8243; header_font_size=&#8221;50px&#8221; header_line_height=&#8221;1.7em&#8221; body_font=&#8221;Titillium Web||||||||&#8221; body_text_color=&#8221;#0b4779&#8243; body_font_size=&#8221;18px&#8221; body_line_height=&#8221;1.8em&#8221; body_ul_position=&#8221;inside&#8221; body_ul_font=&#8221;Titillium Web||||||||&#8221; body_ul_text_color=&#8221;#0b4779&#8243; background_enable_color=&#8221;off&#8221; background_enable_image=&#8221;off&#8221; background_position=&#8221;center_right&#8221; text_orientation=&#8221;left&#8221; custom_margin=&#8221;||||false|false&#8221; custom_padding=&#8221;0px|0px|0px|0px|false|true&#8221; header_font_size_tablet=&#8221;40px&#8221; header_font_size_phone=&#8221;30px&#8221; header_font_size_last_edited=&#8221;on|desktop&#8221; body_font_size_tablet=&#8221;16px&#8221; body_font_size_phone=&#8221;&#8221; body_font_size_last_edited=&#8221;on|phone&#8221; border_color_all=&#8221;#ffffff&#8221; locked=&#8221;off&#8221; global_colors_info=&#8221;{}&#8221; border_color_all__hover_enabled=&#8221;off|hover&#8221; border_color_all__hover=&#8221;#e57539&#8243;]<\/p>\n<h2><span lang=\"EN-GB\">T\u00eb gjitha format e kredidh\u00ebnies<\/span><\/h2>\n<p><strong><span lang=\"EN-GB\">Kredi p\u00ebr Biznes<\/span><\/strong><\/p>\n<ul>\n<li><span lang=\"EN-GB\">Maturiteti (mujor) \u2013 12-36<\/span><\/li>\n<li><span lang=\"EN-GB\">Norma e interesit \u2013Euribor 1vje\u00e7ar+5.1% (jo m\u00eb pak se 7% n\u00eb vit)<\/span><span lang=\"EN-GB\">+5.1 % (not less than 7% annually)<\/span><\/li>\n<li><span lang=\"EN-GB\">Dor\u00ebzani personale<\/span><\/li>\n<li><span lang=\"EN-GB\">Monedha \u2013 EUR, ALL, USD<\/span><\/li>\n<li><span lang=\"EN-GB\">Komisioni i administrimit \u2013 min 1%<\/span><\/li>\n<\/ul>\n<p><strong><span lang=\"EN-GB\">Kredi konsumatore p\u00ebr individ\u00eb<\/span><\/strong><\/p>\n<ul>\n<li><span lang=\"EN-GB\"><span>Maturiteti (mujor) \u2013 12-36<\/span><\/span><\/li>\n<li><span lang=\"EN-GB\"><span>Norma e Interesit \u2013 Interes Fix 6% \u2013 9%<\/span><\/span><\/li>\n<li><span lang=\"EN-GB\"><span>Dor\u00ebzani personale<\/span><\/span><\/li>\n<li><span lang=\"EN-GB\"><span>Monedha \u2013 EUR, ALL, USD<\/span><\/span><\/li>\n<li><span lang=\"EN-GB\"><span>Komisioni i administrimit \u2013 min 1%<\/span><\/span><\/li>\n<\/ul>\n<p><strong><span lang=\"EN-GB\">Blerje Portofoli t\u00eb Huas\u00eb me Probleme<\/span><\/strong><\/p>\n<p><span lang=\"EN-GB\"><span>Nd\u00ebrsa bankat synojn\u00eb t\u00eb heqin huat\u00eb me probleme nga bilancet e tyre, AFI \u00ebsht\u00eb i pozicionuar me expertiz\u00ebn financiare, infrastruktur\u00ebn, dhe eksperienc\u00ebn e duhur p\u00ebr t\u00eb trajtuar huat\u00eb me probleme.<\/span><\/span><\/p>\n<p>[\/et_pb_cta][\/et_pb_column][\/et_pb_row][\/et_pb_section]<\/p>","protected":false},"excerpt":{"rendered":"<p><div class=\"et_pb_module lwp_divi_breadcrumbs lwp_divi_breadcrumbs_0\">\n\t\t\t\t\n\t\t\t\t\n\t\t\t\t\n\t\t\t\t\n\t\t\t\t\n\t\t\t\t\n\t\t\t\t<div class=\"et_pb_module_inner\">\n\t\t\t\t\t<div class=\"lwp-breadcrumbs\"> <span class=\"before\"><\/span> <span vocab=\"https:\/\/schema.org\/\" typeof=\"BreadcrumbList\"><span property=\"itemListElement\" typeof=\"ListItem\"><a property=\"item\" typeof=\"WebPage\" href=\"https:\/\/afinstitution.com\/al\/\" class=\"home\"><span property=\"name\">Kreu<\/span><\/a><meta property=\"position\" content=\"1\"><\/span> <span class=\"separator et-pb-icon\">&#x39;<\/span> <\/span><\/div>\n\t\t\t\t<\/div>\n\t\t\t<\/div>&nbsp; Get StartedAll forms of lending Business loans Maturity(monthly) &#8211; 12-36 months Minimum Interes Rate &#8211; 1Y Euribor+5.1 % (not less than 7% annually) Garancy &#8211; Personal Guarantor Currency &#8211; EUR, ALL, USD Administrative commission &#8211; min 1% Consumer loans for individuals Maturity(monthly) &#8211; 12-36 months Minimum [&hellip;]<\/p>","protected":false},"author":1,"featured_media":0,"parent":0,"menu_order":0,"comment_status":"closed","ping_status":"closed","template":"","meta":{"_et_pb_use_builder":"on","_et_pb_old_content":"","_et_gb_content_width":"","footnotes":""},"class_list":["post-278602","page","type-page","status-publish","hentry"],"_links":{"self":[{"href":"https:\/\/afinstitution.com\/al\/wp-json\/wp\/v2\/pages\/278602","targetHints":{"allow":["GET"]}}],"collection":[{"href":"https:\/\/afinstitution.com\/al\/wp-json\/wp\/v2\/pages"}],"about":[{"href":"https:\/\/afinstitution.com\/al\/wp-json\/wp\/v2\/types\/page"}],"author":[{"embeddable":true,"href":"https:\/\/afinstitution.com\/al\/wp-json\/wp\/v2\/users\/1"}],"replies":[{"embeddable":true,"href":"https:\/\/afinstitution.com\/al\/wp-json\/wp\/v2\/comments?post=278602"}],"version-history":[{"count":8,"href":"https:\/\/afinstitution.com\/al\/wp-json\/wp\/v2\/pages\/278602\/revisions"}],"predecessor-version":[{"id":278893,"href":"https:\/\/afinstitution.com\/al\/wp-json\/wp\/v2\/pages\/278602\/revisions\/278893"}],"wp:attachment":[{"href":"https:\/\/afinstitution.com\/al\/wp-json\/wp\/v2\/media?parent=278602"}],"curies":[{"name":"wp","href":"https:\/\/api.w.org\/{rel}","templated":true}]}}